{"id":97,"date":"2016-12-13T16:35:48","date_gmt":"2016-12-13T15:35:48","guid":{"rendered":"http:\/\/spraytanexpress.info\/?page_id=97"},"modified":"2019-11-15T09:31:53","modified_gmt":"2019-11-15T08:31:53","slug":"etiquette","status":"publish","type":"page","link":"https:\/\/spraytanexpress.info\/fr\/etiquette\/","title":{"rendered":"\u00c9tiquette"},"content":{"rendered":"<div class=\"wpb-content-wrapper\"><p>[vc_row][vc_column][vc_column_text]<strong>A propos de Spraytan Express<\/strong><\/p>\n<p>Ce produit naturel est con\u00e7u pour vous offrir un bronzage dor\u00e9 instantan\u00e9 et sain tout au long de l\u2019ann\u00e9e.<\/p>\n<p>L\u2019Aloe Vera est un ingr\u00e9dient naturel revitalisant et hydratant pour votre peau.<\/p>\n<p><strong>Utilisation de Spraytan Express<\/strong><\/p>\n<p>Bien agiter le vaporisateur avant usage pour garantir une couverture uniforme. Pour appliquer le Spraytan express, tenez le vaporisateur \u00e0 +30cm du corps.<\/p>\n<p>Si vous appliquez le Spraytan express sur tout le corps, nous vous recommandons d&rsquo;utiliser le gant Sentz en appliquant le produit sur le gant puis de partir des pieds en remontant vers le haut. Vaporisez la brume bronzante en l\u00e9gers mouvements de balayage continus.<\/p>\n<p>Il est important de ne pas appliquer le Spraytan Express en quantit\u00e9 excessive par application. Vous pouvez faire des applications suppl\u00e9mentaires s\u00e9par\u00e9es apr\u00e8s le traitement initial pour accentuer le bronzage, surtout pour les teintes de peau plus claires.<\/p>\n<p>Le spray bronzant instantan\u00e9 donne un r\u00e9sultat imm\u00e9diat. Ce produit contient \u00e9galement un auto-bronzant naturel qui d\u00e9veloppe une teinte plus intense dans les heures qui suivent et peut durer jusqu\u2019\u00e0 5 jours. Evitez tout contact avec des tissus l\u00e9gers juste apr\u00e8s votre douche ou bain, car le spray bronzant instantan\u00e9 peut colorer ces mati\u00e8res.<\/p>\n<p>Les zones trait\u00e9es doivent s\u00e9cher pendant 10 minutes max. Le s\u00e9chage peut \u00e9galement \u00eatre acc\u00e9l\u00e9r\u00e9 \u00e0 l\u2019aide d\u2019un s\u00e8che-cheveux.<\/p>\n<p>Ce produit ne contient aucun filtre solaire.<\/p>\n<p><strong><em>Ingredients:<\/em><\/strong> <em>Aqua, Alcohol Denat., Dihydroxyacetone, Propylene Glycol, Ethoxydiglycol, Polysorbate 20, Aloe Barbadensis Leaf Juice (Aloe Vera), Potassium Sorbate, Sodium Benzoate, 2-Bromo-2-nitropropane-1,3-diol, Citric Acid, CI 16035, CI 19140, CI 42090, Panax Gingseng Root Extract<\/em><\/p>\n<p><strong>ATTENTION<\/strong>\u00a0 R\u00e9cipient sous pression : Prot\u00e9ger du soleil. Ne pas exposer \u00e0 des temp\u00e9ratures sup\u00e9rieures \u00e0 50\u00b0C. Ne pas percer, ni br\u00fbler, m\u00eame vide. Ne pas vaporiser vers une flamme vive ou un mat\u00e9riau incandescent. Eviter l\u2019inhalation directe. Ne pas utiliser sur une peau irrit\u00e9e ou pr\u00e9sentant des l\u00e9sions. En cas d\u2019irritation de la peau, il faut arr\u00eater l\u2019utilisation. Eviter tout contact avec les yeux. En cas de contact du produit avec les yeux, rincer abondamment \u00e0 l\u2019eau chaude. Ne pas vaporiser sur les v\u00eatements\/meubles. Conserver au frais.<\/p>\n<p align=\"center\">Exclusively made for and distributed by Dreamfields bvba<br \/>\nStatiestraat 2 &#8211; 8570 Anzegem &#8211; Belgium<br \/>\ninfo@curasano.com &#8211; www.curasano.com<br \/>\nCurasano is a reg.tm. of Dreamfields bvba 009114075<\/p>\n<p>[\/vc_column_text][\/vc_column][\/vc_row]<\/p>\n<\/div>","protected":false},"excerpt":{"rendered":"<p>[vc_row][vc_column][vc_column_text]A propos de Spraytan Express Ce produit naturel est con\u00e7u pour vous offrir un bronzage dor\u00e9 instantan\u00e9 et sain tout au long de l\u2019ann\u00e9e. L\u2019Aloe Vera est un ingr\u00e9dient naturel revitalisant et hydratant pour votre peau. Utilisation de Spraytan Express Bien agiter le vaporisateur avant usage pour garantir une couverture uniforme. Pour appliquer le Spraytan&hellip;<\/p>\n","protected":false},"author":1,"featured_media":0,"parent":0,"menu_order":0,"comment_status":"closed","ping_status":"closed","template":"","meta":{"footnotes":""},"class_list":["post-97","page","type-page","status-publish","hentry","description-off"],"_links":{"self":[{"href":"https:\/\/spraytanexpress.info\/fr\/wp-json\/wp\/v2\/pages\/97","targetHints":{"allow":["GET"]}}],"collection":[{"href":"https:\/\/spraytanexpress.info\/fr\/wp-json\/wp\/v2\/pages"}],"about":[{"href":"https:\/\/spraytanexpress.info\/fr\/wp-json\/wp\/v2\/types\/page"}],"author":[{"embeddable":true,"href":"https:\/\/spraytanexpress.info\/fr\/wp-json\/wp\/v2\/users\/1"}],"replies":[{"embeddable":true,"href":"https:\/\/spraytanexpress.info\/fr\/wp-json\/wp\/v2\/comments?post=97"}],"version-history":[{"count":1,"href":"https:\/\/spraytanexpress.info\/fr\/wp-json\/wp\/v2\/pages\/97\/revisions"}],"predecessor-version":[{"id":99,"href":"https:\/\/spraytanexpress.info\/fr\/wp-json\/wp\/v2\/pages\/97\/revisions\/99"}],"wp:attachment":[{"href":"https:\/\/spraytanexpress.info\/fr\/wp-json\/wp\/v2\/media?parent=97"}],"curies":[{"name":"wp","href":"https:\/\/api.w.org\/{rel}","templated":true}]}}