{"id":306,"date":"2017-01-31T13:03:31","date_gmt":"2017-01-31T12:03:31","guid":{"rendered":"http:\/\/spraytanexpress.info\/?page_id=306"},"modified":"2019-11-15T09:31:52","modified_gmt":"2019-11-15T08:31:52","slug":"valentine2017","status":"publish","type":"page","link":"https:\/\/spraytanexpress.info\/fr\/valentine2017\/","title":{"rendered":"Concours de la Saint-Valentin"},"content":{"rendered":"<div class=\"wpb-content-wrapper\"><p>[vc_row][vc_column][vc_column_text]<\/p>\n<h4 style=\"text-align: center;\"><span id=\"result_box\" class=\"\" lang=\"fr\"><span class=\"\">Remplissez le formulaire ci-dessous et gagnez un forfait Valentine d&rsquo;une valeur de 230 \u20ac!<\/span><\/span><\/h4>\n<p>[\/vc_column_text][\/vc_column][\/vc_row][vc_row][vc_column width=\u00a0\u00bb1\/3&Prime;][vc_single_image image=\u00a0\u00bb279&Prime; img_size=\u00a0\u00bbfull\u00a0\u00bb alignment=\u00a0\u00bbcenter\u00a0\u00bb onclick=\u00a0\u00bblink_image\u00a0\u00bb][vc_column_text]<strong>C<span id=\"result_box\" class=\"\" lang=\"fr\"><span class=\"\">ontenu<\/span><\/span>:<\/strong><\/p>\n<ul>\n<li><a href=\"http:\/\/shop.curasano.com\/cur_fr\/auto-bronzants.html\" target=\"_blank\" rel=\"noopener noreferrer\">Curasano Spraytan Express 200ml (\u20ac39.95)<\/a><\/li>\n<li><a href=\"http:\/\/shop.curasano.com\/cur_fr\/auto-bronzants.html\" target=\"_blank\" rel=\"noopener noreferrer\">Curasano Spraytan Express 50ml (\u20ac12.95)<\/a><\/li>\n<li><a href=\"http:\/\/shop.curasano.com\/cur_fr\/auto-bronzants.html\" target=\"_blank\" rel=\"noopener noreferrer\">Curasano Spraytan Sentz (\u20ac9.95)<\/a><\/li>\n<li><a href=\"http:\/\/shop.curasano.com\/cur_fr\/auto-bronzants.html\" target=\"_blank\" rel=\"noopener noreferrer\">Curasano Spraytan Sentz Mini (\u20ac4.95)<\/a><\/li>\n<li><a href=\"http:\/\/www.tencosmetics.eu\/ten_fr\/dreaming-paradise-cream.html\" target=\"_blank\" rel=\"noopener noreferrer\">Paradise Cream (\u20ac39.95)<\/a><\/li>\n<li><a href=\"http:\/\/www.tencosmetics.eu\/ten_fr\/dreaming-extra-fondant-cream.html\" target=\"_blank\" rel=\"noopener noreferrer\">Fondant Cream (\u20ac39.95)<\/a><\/li>\n<li><a href=\"http:\/\/www.tencosmetics.eu\/ten_fr\/dreaming-sublime-oil.html\" target=\"_blank\" rel=\"noopener noreferrer\">Sublime Oil (\u20ac49.49)<\/a><\/li>\n<li><a href=\"http:\/\/www.tencosmetics.eu\/ten_fr\/dreaming-aquaspa.html\" target=\"_blank\" rel=\"noopener noreferrer\">AquaSpa (\u20ac29.95)<\/a><\/li>\n<\/ul>\n<p>[\/vc_column_text][\/vc_column][vc_column width=\u00a0\u00bb2\/3&Prime;]\n<div class=\"wpcf7 no-js\" id=\"wpcf7-f278-o1\" lang=\"nl-NL\" dir=\"ltr\" data-wpcf7-id=\"278\">\n<div class=\"screen-reader-response\"><p role=\"status\" aria-live=\"polite\" aria-atomic=\"true\"><\/p> <ul><\/ul><\/div>\n<form action=\"\/fr\/wp-json\/wp\/v2\/pages\/306#wpcf7-f278-o1\" method=\"post\" class=\"wpcf7-form init\" aria-label=\"Contactformulier\" novalidate=\"novalidate\" data-status=\"init\">\n<fieldset class=\"hidden-fields-container\"><input type=\"hidden\" name=\"_wpcf7\" value=\"278\" \/><input type=\"hidden\" name=\"_wpcf7_version\" value=\"6.1.5\" \/><input type=\"hidden\" name=\"_wpcf7_locale\" value=\"nl_NL\" \/><input type=\"hidden\" name=\"_wpcf7_unit_tag\" value=\"wpcf7-f278-o1\" \/><input type=\"hidden\" name=\"_wpcf7_container_post\" value=\"0\" \/><input type=\"hidden\" name=\"_wpcf7_posted_data_hash\" value=\"\" \/><input type=\"hidden\" name=\"_wpcf7cf_hidden_group_fields\" value=\"[]\" \/><input type=\"hidden\" name=\"_wpcf7cf_hidden_groups\" value=\"[]\" \/><input type=\"hidden\" name=\"_wpcf7cf_visible_groups\" value=\"[]\" \/><input type=\"hidden\" name=\"_wpcf7cf_repeaters\" value=\"[]\" \/><input type=\"hidden\" name=\"_wpcf7cf_steps\" value=\"{}\" \/><input type=\"hidden\" name=\"_wpcf7cf_options\" value=\"{&quot;form_id&quot;:278,&quot;conditions&quot;:[],&quot;settings&quot;:{&quot;animation&quot;:&quot;yes&quot;,&quot;animation_intime&quot;:200,&quot;animation_outtime&quot;:200,&quot;conditions_ui&quot;:&quot;normal&quot;,&quot;notice_dismissed&quot;:false,&quot;notice_dismissed_update-cf7-5.7.4&quot;:true,&quot;notice_dismissed_rollback-cf7-5.9.4&quot;:true}}\" \/><input type=\"hidden\" name=\"_wpcf7_recaptcha_response\" value=\"\" \/>\n<\/fieldset>\n<div class=\"vc_col-sm-6\">\n\t<p><label> Nom(*)<br \/>\n<span class=\"wpcf7-form-control-wrap\" data-name=\"lastname\"><input size=\"40\" maxlength=\"400\" class=\"wpcf7-form-control wpcf7-text wpcf7-validates-as-required\" aria-required=\"true\" aria-invalid=\"false\" value=\"\" type=\"text\" name=\"lastname\" \/><\/span> <\/label>\n\t<\/p>\n<\/div>\n<div class=\"vc_col-sm-6\">\n\t<p><label> Pr\u00e9nom(*)<br \/>\n<span class=\"wpcf7-form-control-wrap\" data-name=\"firstname\"><input size=\"40\" maxlength=\"400\" class=\"wpcf7-form-control wpcf7-text wpcf7-validates-as-required\" aria-required=\"true\" aria-invalid=\"false\" value=\"\" type=\"text\" name=\"firstname\" \/><\/span> <\/label>\n\t<\/p>\n<\/div>\n<div class=\"vc_col-sm-12\">\n\t<p><label> Adresse(*)<br \/>\n<span class=\"wpcf7-form-control-wrap\" data-name=\"address\"><input size=\"40\" maxlength=\"400\" class=\"wpcf7-form-control wpcf7-text wpcf7-validates-as-required\" aria-required=\"true\" aria-invalid=\"false\" value=\"\" type=\"text\" name=\"address\" \/><\/span> <\/label>\n\t<\/p>\n<\/div>\n<div class=\"vc_col-sm-4\">\n\t<p><label> Code postal(*)<br \/>\n<span class=\"wpcf7-form-control-wrap\" data-name=\"postalcode\"><input size=\"40\" maxlength=\"400\" class=\"wpcf7-form-control wpcf7-text wpcf7-validates-as-required\" aria-required=\"true\" aria-invalid=\"false\" value=\"\" type=\"text\" name=\"postalcode\" \/><\/span> <\/label>\n\t<\/p>\n<\/div>\n<div class=\"vc_col-sm-8\">\n\t<p><label> City(*)<br \/>\n<span class=\"wpcf7-form-control-wrap\" data-name=\"city\"><input size=\"40\" maxlength=\"400\" class=\"wpcf7-form-control wpcf7-text wpcf7-validates-as-required\" aria-required=\"true\" aria-invalid=\"false\" value=\"\" type=\"text\" name=\"city\" \/><\/span> <\/label>\n\t<\/p>\n<\/div>\n<div class=\"vc_col-sm-6\">\n\t<p><label> Pays<br \/>\n<span class=\"wpcf7-form-control-wrap\" data-name=\"id:country\"><select class=\"wpcf7-form-control wpcf7-select\" aria-invalid=\"false\" name=\"id:country\"><option value=\"Afghanistan\">Afghanistan<\/option><option value=\"Aland Islands\">Aland Islands<\/option><option value=\"Albanie\">Albanie<\/option><option value=\"Alg\u00e9rie\">Alg\u00e9rie<\/option><option value=\"Samoa am\u00e9ricaines\">Samoa am\u00e9ricaines<\/option><option value=\"Andorre\">Andorre<\/option><option value=\"Angola\">Angola<\/option><option value=\"Anguilla\">Anguilla<\/option><option value=\"Antigua-et-Barbuda\">Antigua-et-Barbuda<\/option><option value=\"Argentine\">Argentine<\/option><option value=\"Arm\u00e9nie\">Arm\u00e9nie<\/option><option value=\"Aruba\">Aruba<\/option><option value=\"Australie\">Australie<\/option><option value=\"Autriche\">Autriche<\/option><option value=\"Azerba\u00efdjan\">Azerba\u00efdjan<\/option><option value=\"Bahamas\">Bahamas<\/option><option value=\"Bahre\u00efn\">Bahre\u00efn<\/option><option value=\"Bangladesh\">Bangladesh<\/option><option value=\"Barbade\">Barbade<\/option><option value=\"Belarus\">Belarus<\/option><option value=\"Belgique\" selected=\"selected\">Belgique<\/option><option value=\"Belize\">Belize<\/option><option value=\"B\u00e9nin\">B\u00e9nin<\/option><option value=\"Bermudes\">Bermudes<\/option><option value=\"Bhoutan\">Bhoutan<\/option><option value=\"Bolivie\">Bolivie<\/option><option value=\"Bosnie-Herz\u00e9govine\">Bosnie-Herz\u00e9govine<\/option><option value=\"Botswana\">Botswana<\/option><option value=\"Br\u00e9sil\">Br\u00e9sil<\/option><option value=\"British Indian Ocean Territory\">British Indian Ocean Territory<\/option><option value=\"Brunei Darussalam\">Brunei Darussalam<\/option><option value=\"Bulgarie\">Bulgarie<\/option><option value=\"Burkina Faso\">Burkina Faso<\/option><option value=\"Burundi\">Burundi<\/option><option value=\"Cambodge\">Cambodge<\/option><option value=\"Cameroun\">Cameroun<\/option><option value=\"Canada\">Canada<\/option><option value=\"Cap-Vert\">Cap-Vert<\/option><option value=\"\u00celes Ca\u00efmans\">\u00celes Ca\u00efmans<\/option><option value=\"R\u00e9publique centrafricaine\">R\u00e9publique centrafricaine<\/option><option value=\"Tchad\">Tchad<\/option><option value=\"Chili\">Chili<\/option><option value=\"Chine\">Chine<\/option><option value=\"Colombie\">Colombie<\/option><option value=\"Comores\">Comores<\/option><option value=\"Congo\">Congo<\/option><option value=\"\u00celes Cook\">\u00celes Cook<\/option><option value=\"Costa Rica\">Costa Rica<\/option><option value=\"C\u00f4te D&#039;ivoire\">C\u00f4te D&#039;ivoire<\/option><option value=\"Croatie\">Croatie<\/option><option value=\"Cuba\">Cuba<\/option><option value=\"Chypre\">Chypre<\/option><option value=\"R\u00e9publique tch\u00e8que\">R\u00e9publique tch\u00e8que<\/option><option value=\"R\u00e9publique populaire d\u00e9mocratique de Cor\u00e9e\">R\u00e9publique populaire d\u00e9mocratique de Cor\u00e9e<\/option><option value=\"R\u00e9publique d\u00e9mocratique du Congo\">R\u00e9publique d\u00e9mocratique du Congo<\/option><option value=\"Danemark\">Danemark<\/option><option value=\"Djibouti\">Djibouti<\/option><option value=\"Dominique\">Dominique<\/option><option value=\"R\u00e9publique Dominicaine\">R\u00e9publique Dominicaine<\/option><option value=\"Equateur\">Equateur<\/option><option value=\"Egypte\">Egypte<\/option><option value=\"El Salvador\">El Salvador<\/option><option value=\"Guin\u00e9e \u00e9quatoriale\">Guin\u00e9e \u00e9quatoriale<\/option><option value=\"L&#039;Erythr\u00e9e\">L&#039;Erythr\u00e9e<\/option><option value=\"Estonie\">Estonie<\/option><option value=\"Ethiopie\">Ethiopie<\/option><option value=\"Union europ\u00e9enne\">Union europ\u00e9enne<\/option><option value=\"\u00celes F\u00e9ro\u00e9\">\u00celes F\u00e9ro\u00e9<\/option><option value=\"\u00c9tats f\u00e9d\u00e9r\u00e9s de Micron\u00e9sie\">\u00c9tats f\u00e9d\u00e9r\u00e9s de Micron\u00e9sie<\/option><option value=\"Fiji\">Fiji<\/option><option value=\"Finlande\">Finlande<\/option><option value=\"France\">France<\/option><option value=\"Guyane fran\u00e7aise\">Guyane fran\u00e7aise<\/option><option value=\"Polyn\u00e9sie fran\u00e7aise\">Polyn\u00e9sie fran\u00e7aise<\/option><option value=\"Gabon\">Gabon<\/option><option value=\"Gambie\">Gambie<\/option><option value=\"G\u00e9orgie\">G\u00e9orgie<\/option><option value=\"Allemagne\">Allemagne<\/option><option value=\"Ghana\">Ghana<\/option><option value=\"Gibraltar\">Gibraltar<\/option><option value=\"Gr\u00e8ce\">Gr\u00e8ce<\/option><option value=\"Groenland\">Groenland<\/option><option value=\"Grenade\">Grenade<\/option><option value=\"Guadeloupe\">Guadeloupe<\/option><option value=\"Guam\">Guam<\/option><option value=\"Guatemala\">Guatemala<\/option><option value=\"Guernesey\">Guernesey<\/option><option value=\"Guin\u00e9e\">Guin\u00e9e<\/option><option value=\"Guin\u00e9e-Bissau\">Guin\u00e9e-Bissau<\/option><option value=\"Guyane\">Guyane<\/option><option value=\"Ha\u00efti\">Ha\u00efti<\/option><option value=\"Honduras\">Honduras<\/option><option value=\"Hong-Kong\">Hong-Kong<\/option><option value=\"Hongrie\">Hongrie<\/option><option value=\"Islande\">Islande<\/option><option value=\"Inde\">Inde<\/option><option value=\"Indon\u00e9sie\">Indon\u00e9sie<\/option><option value=\"Iran\">Iran<\/option><option value=\"Irak\">Irak<\/option><option value=\"Irlande\">Irlande<\/option><option value=\"Ile de Man\">Ile de Man<\/option><option value=\"Isra\u00ebl\">Isra\u00ebl<\/option><option value=\"Italie\">Italie<\/option><option value=\"Jama\u00efque\">Jama\u00efque<\/option><option value=\"Japon\">Japon<\/option><option value=\"Jersey\">Jersey<\/option><option value=\"Jordanie\">Jordanie<\/option><option value=\"Kazakhstan\">Kazakhstan<\/option><option value=\"Kenya\">Kenya<\/option><option value=\"Kiribati\">Kiribati<\/option><option value=\"Koweit\">Koweit<\/option><option value=\"Kirghizistan\">Kirghizistan<\/option><option value=\"Lettonie\">Lettonie<\/option><option value=\"Liban\">Liban<\/option><option value=\"Lesotho\">Lesotho<\/option><option value=\"Lib\u00e9ria\">Lib\u00e9ria<\/option><option value=\"Jamahiriya arabe libyenne\">Jamahiriya arabe libyenne<\/option><option value=\"Liechtenstein\">Liechtenstein<\/option><option value=\"Lituanie\">Lituanie<\/option><option value=\"Luxembourg\">Luxembourg<\/option><option value=\"Macao\">Macao<\/option><option value=\"Mac\u00e9doine\">Mac\u00e9doine<\/option><option value=\"Madagascar\">Madagascar<\/option><option value=\"Malawi\">Malawi<\/option><option value=\"Malaisie\">Malaisie<\/option><option value=\"Maldives\">Maldives<\/option><option value=\"Mali\">Mali<\/option><option value=\"Malte\">Malte<\/option><option value=\"\u00celes Marshall\">\u00celes Marshall<\/option><option value=\"Martinique\">Martinique<\/option><option value=\"Mauritanie\">Mauritanie<\/option><option value=\"Ile Maurice\">Ile Maurice<\/option><option value=\"Mexique\">Mexique<\/option><option value=\"Monaco\">Monaco<\/option><option value=\"Mongolie\">Mongolie<\/option><option value=\"Mont\u00e9n\u00e9gro\">Mont\u00e9n\u00e9gro<\/option><option value=\"Montserrat\">Montserrat<\/option><option value=\"Maroc\">Maroc<\/option><option value=\"Mozambique\">Mozambique<\/option><option value=\"Myanmar\">Myanmar<\/option><option value=\"Namibie\">Namibie<\/option><option value=\"Nauru\">Nauru<\/option><option value=\"N\u00e9pal\">N\u00e9pal<\/option><option value=\"Pays-Bas\">Pays-Bas<\/option><option value=\"Antilles N\u00e9erlandaises\">Antilles N\u00e9erlandaises<\/option><option value=\"Nouvelle-Cal\u00e9donie\">Nouvelle-Cal\u00e9donie<\/option><option value=\"Nouvelle-Z\u00e9lande\">Nouvelle-Z\u00e9lande<\/option><option value=\"Nicaragua\">Nicaragua<\/option><option value=\"Niger\">Niger<\/option><option value=\"Nigeria\">Nigeria<\/option><option value=\"Niue\">Niue<\/option><option value=\"Norfolk Island\">Norfolk Island<\/option><option value=\"\u00celes Mariannes du Nord\">\u00celes Mariannes du Nord<\/option><option value=\"Norv\u00e8ge\">Norv\u00e8ge<\/option><option value=\"Oman\">Oman<\/option><option value=\"Pakistan\">Pakistan<\/option><option value=\"Palau\">Palau<\/option><option value=\"Territoire palestinien occup\u00e9\">Territoire palestinien occup\u00e9<\/option><option value=\"Panama\">Panama<\/option><option value=\"Papouasie-Nouvelle-Guin\u00e9e\">Papouasie-Nouvelle-Guin\u00e9e<\/option><option value=\"Paraguay\">Paraguay<\/option><option value=\"R\u00e9publique d\u00e9mocratique populaire lao\">R\u00e9publique d\u00e9mocratique populaire lao<\/option><option value=\"P\u00e9rou\">P\u00e9rou<\/option><option value=\"Philippines\">Philippines<\/option><option value=\"Pologne\">Pologne<\/option><option value=\"Portugal\">Portugal<\/option><option value=\"Puerto Rico\">Puerto Rico<\/option><option value=\"Qatar\">Qatar<\/option><option value=\"R\u00e9publique de Cor\u00e9e\">R\u00e9publique de Cor\u00e9e<\/option><option value=\"R\u00e9publique de Moldova\">R\u00e9publique de Moldova<\/option><option value=\"R\u00e9union\">R\u00e9union<\/option><option value=\"Roumanie\">Roumanie<\/option><option value=\"F\u00e9d\u00e9ration de Russie\">F\u00e9d\u00e9ration de Russie<\/option><option value=\"Rwanda\">Rwanda<\/option><option value=\"Saint-Kitts-et-Nevis\">Saint-Kitts-et-Nevis<\/option><option value=\"Sainte-Lucie\">Sainte-Lucie<\/option><option value=\"Saint Martin\">Saint Martin<\/option><option value=\"Saint-Vincent-et-les-Grenadines\">Saint-Vincent-et-les-Grenadines<\/option><option value=\"Samoa\">Samoa<\/option><option value=\"Saint-Marin\">Saint-Marin<\/option><option value=\"Sao Tom\u00e9-et-Principe\">Sao Tom\u00e9-et-Principe<\/option><option value=\"Arabie Saoudite\">Arabie Saoudite<\/option><option value=\"S\u00e9n\u00e9gal\">S\u00e9n\u00e9gal<\/option><option value=\"Serbie\">Serbie<\/option><option value=\"Seychelles\">Seychelles<\/option><option value=\"Sierra Leone\">Sierra Leone<\/option><option value=\"Singapour\">Singapour<\/option><option value=\"Slovaquie\">Slovaquie<\/option><option value=\"Slov\u00e9nie\">Slov\u00e9nie<\/option><option value=\"\u00celes Salomon\">\u00celes Salomon<\/option><option value=\"Somalie\">Somalie<\/option><option value=\"Afrique du Sud\">Afrique du Sud<\/option><option value=\"Sud-Soudan\">Sud-Soudan<\/option><option value=\"Espagne\">Espagne<\/option><option value=\"Sri Lanka\">Sri Lanka<\/option><option value=\"Saint-Pierre et Miquelon\">Saint-Pierre et Miquelon<\/option><option value=\"Soudan\">Soudan<\/option><option value=\"Suriname\">Suriname<\/option><option value=\"Swaziland\">Swaziland<\/option><option value=\"Su\u00e8de\">Su\u00e8de<\/option><option value=\"Suisse\">Suisse<\/option><option value=\"R\u00e9publique arabe syrienne\">R\u00e9publique arabe syrienne<\/option><option value=\"Taiwan\">Taiwan<\/option><option value=\"Tadjikistan\">Tadjikistan<\/option><option value=\"Tha\u00eflande\">Tha\u00eflande<\/option><option value=\"Timor-Leste\">Timor-Leste<\/option><option value=\"Togo\">Togo<\/option><option value=\"Tokelau\">Tokelau<\/option><option value=\"Tonga\">Tonga<\/option><option value=\"Trinit\u00e9-et-Tobago\">Trinit\u00e9-et-Tobago<\/option><option value=\"Tunisie\">Tunisie<\/option><option value=\"Turquie\">Turquie<\/option><option value=\"Turkm\u00e9nistan\">Turkm\u00e9nistan<\/option><option value=\"\u00celes Turques et Ca\u00efques\">\u00celes Turques et Ca\u00efques<\/option><option value=\"Tuvalu\">Tuvalu<\/option><option value=\"Ouganda\">Ouganda<\/option><option value=\"Ukraine\">Ukraine<\/option><option value=\"\u00c9mirats arabes unis\">\u00c9mirats arabes unis<\/option><option value=\"Royaume-Uni\">Royaume-Uni<\/option><option value=\"R\u00e9publique-Unie de Tanzanie\">R\u00e9publique-Unie de Tanzanie<\/option><option value=\"\u00c9tats-Unis\">\u00c9tats-Unis<\/option><option value=\"Uruguay\">Uruguay<\/option><option value=\"Ouzb\u00e9kistan\">Ouzb\u00e9kistan<\/option><option value=\"Vanuatu\">Vanuatu<\/option><option value=\"Cit\u00e9 du Vatican\">Cit\u00e9 du Vatican<\/option><option value=\"Venezuela\">Venezuela<\/option><option value=\"Viet Nam\">Viet Nam<\/option><option value=\"Virgin Islands (British)\">Virgin Islands (British)<\/option><option value=\"Virgin Islands (US)\">Virgin Islands (US)<\/option><option value=\"Wallis-et-Futuna\">Wallis-et-Futuna<\/option><option value=\"Y\u00e9men\">Y\u00e9men<\/option><option value=\"Zambie\">Zambie<\/option><option value=\"Zimbabwe\">Zimbabwe<\/option><\/select><\/span><br \/>\n<\/label>\n\t<\/p>\n<\/div>\n<div class=\"vc_col-sm-6\">\n\t<p><label> Function<br \/>\n<span class=\"wpcf7-form-control-wrap\" data-name=\"job\"><select class=\"wpcf7-form-control wpcf7-select\" aria-invalid=\"false\" name=\"job\"><option value=\"Particulier\">Particulier<\/option><option value=\"Institut de beaut\u00e9\">Institut de beaut\u00e9<\/option><option value=\"Salon de coiffure\">Salon de coiffure<\/option><option value=\"Centre de bien\u00eatre\">Centre de bien\u00eatre<\/option><option value=\"Repr\u00e9sentant\">Repr\u00e9sentant<\/option><option value=\"Autres\">Autres<\/option><\/select><\/span><br \/>\n<\/label>\n\t<\/p>\n<\/div>\n<div class=\"vc_col-sm-12\">\n\t<p><label> Email (*)<br \/>\n<span class=\"wpcf7-form-control-wrap\" data-name=\"email\"><input size=\"40\" maxlength=\"400\" class=\"wpcf7-form-control wpcf7-email wpcf7-validates-as-required wpcf7-text wpcf7-validates-as-email\" aria-required=\"true\" aria-invalid=\"false\" value=\"\" type=\"email\" name=\"email\" \/><\/span> <\/label>\n\t<\/p>\n<\/div>\n<div class=\"vc_col-sm-2\">\n\n\t<p><input class=\"wpcf7-form-control wpcf7-submit has-spinner\" type=\"submit\" value=\"Participer \u00e0 la comp\u00e9tition\" \/>\n\t<\/p>\n<\/div><div class=\"wpcf7-response-output\" aria-hidden=\"true\"><\/div>\n<\/form>\n<\/div>\n[\/vc_column][\/vc_row]<\/p>\n<\/div>","protected":false},"excerpt":{"rendered":"<p>[vc_row][vc_column][vc_column_text] Remplissez le formulaire ci-dessous et gagnez un forfait Valentine d&rsquo;une valeur de 230 \u20ac! [\/vc_column_text][\/vc_column][\/vc_row][vc_row][vc_column width=\u00a0\u00bb1\/3&Prime;][vc_single_image image=\u00a0\u00bb279&Prime; img_size=\u00a0\u00bbfull\u00a0\u00bb alignment=\u00a0\u00bbcenter\u00a0\u00bb onclick=\u00a0\u00bblink_image\u00a0\u00bb][vc_column_text]Contenu: Curasano Spraytan Express 200ml (\u20ac39.95) Curasano Spraytan Express 50ml (\u20ac12.95) Curasano Spraytan Sentz (\u20ac9.95) Curasano Spraytan Sentz Mini (\u20ac4.95) Paradise Cream (\u20ac39.95) Fondant Cream (\u20ac39.95) Sublime Oil (\u20ac49.49) AquaSpa (\u20ac29.95) [\/vc_column_text][\/vc_column][vc_column width=\u00a0\u00bb2\/3&Prime;][\/vc_column][\/vc_row]<\/p>\n","protected":false},"author":1,"featured_media":0,"parent":0,"menu_order":0,"comment_status":"closed","ping_status":"closed","template":"","meta":{"footnotes":""},"class_list":["post-306","page","type-page","status-publish","hentry","description-off"],"_links":{"self":[{"href":"https:\/\/spraytanexpress.info\/fr\/wp-json\/wp\/v2\/pages\/306","targetHints":{"allow":["GET"]}}],"collection":[{"href":"https:\/\/spraytanexpress.info\/fr\/wp-json\/wp\/v2\/pages"}],"about":[{"href":"https:\/\/spraytanexpress.info\/fr\/wp-json\/wp\/v2\/types\/page"}],"author":[{"embeddable":true,"href":"https:\/\/spraytanexpress.info\/fr\/wp-json\/wp\/v2\/users\/1"}],"replies":[{"embeddable":true,"href":"https:\/\/spraytanexpress.info\/fr\/wp-json\/wp\/v2\/comments?post=306"}],"version-history":[{"count":2,"href":"https:\/\/spraytanexpress.info\/fr\/wp-json\/wp\/v2\/pages\/306\/revisions"}],"predecessor-version":[{"id":3566,"href":"https:\/\/spraytanexpress.info\/fr\/wp-json\/wp\/v2\/pages\/306\/revisions\/3566"}],"wp:attachment":[{"href":"https:\/\/spraytanexpress.info\/fr\/wp-json\/wp\/v2\/media?parent=306"}],"curies":[{"name":"wp","href":"https:\/\/api.w.org\/{rel}","templated":true}]}}