{"id":219,"date":"2016-12-14T13:53:14","date_gmt":"2016-12-14T12:53:14","guid":{"rendered":"http:\/\/spraytanexpress.info\/?page_id=219"},"modified":"2019-11-15T09:31:51","modified_gmt":"2019-11-15T08:31:51","slug":"accueil","status":"publish","type":"page","link":"https:\/\/spraytanexpress.info\/fr\/","title":{"rendered":"Accueil"},"content":{"rendered":"<div class=\"wpb-content-wrapper\"><p>[vc_row][vc_column][vc_custom_heading text=\u00a0\u00bbCurasano Spraytan Express, le luxueux et instantan\u00e9 spray bronzant\u00a0\u00bb font_container=\u00a0\u00bbtag:h1|text_align:left\u00a0\u00bb use_theme_fonts=\u00a0\u00bbyes\u00a0\u00bb][vc_empty_space][vc_column_text]<\/p>\n<div id=\"leftColumn\" class=\"columns\">\n<p>En appliquant un voile activateur de bronzage, on obtient instantan\u00e9ment un bel \u00e9clat brun dor\u00e9. Le spray va, les heures qui suivent, activer la m\u00e9lanine de la peau de fa\u00e7on sensible afin de d\u00e9velopper un beau bronzage tout comme le ferait le processus naturel.<\/p>\n<\/div>\n<p>[\/vc_column_text][\/vc_column][\/vc_row][vc_row type=\u00a0\u00bbvc_default\u00a0\u00bb full_width=\u00a0\u00bbstretch_row\u00a0\u00bb parallax=\u00a0\u00bbcontent-moving\u00a0\u00bb bg_type=\u00a0\u00bbimage\u00a0\u00bb parallax_style=\u00a0\u00bbvcpb-vz-jquery\u00a0\u00bb bg_image_new=\u00a0\u00bbid^168|url^http:\/\/spraytanexpress.info\/wp-content\/uploads\/2016\/12\/bg_pattern.jpg|caption^null|alt^null|title^bg_pattern|description^null\u00a0\u00bb bg_image_size=\u00a0\u00bbinitial\u00a0\u00bb parallax_content=\u00a0\u00bbparallax_content_value\u00a0\u00bb][vc_column width=\u00a0\u00bb1\/4&Prime;]<div class=\"ult-content-box-container \" >\t<a class=\"ult-content-box-anchor\" href=\"http:\/\/shop.curasano.com\/cur_nl\/self-tanning.html?___from_store=cur_en\" target=\"_blank\" rel=\"noopener\" >\t\t<div class=\"ult-content-box\" style=\"background-color:rgba(102,57,0,0.09);box-shadow: px px px px #f7f7f7 none;border-style:solid;border-color:transparent;padding-top:15px;padding-bottom:30px;margin-bottom:20px;-webkit-transition: all 700ms ease;-moz-transition: all 700ms ease;-ms-transition: all 700ms ease;-o-transition: all 700ms ease;transition: all 700ms ease;\"  data-hover_bg_color=\"rgba(255,255,255,0.39)\"  data-hover_box_shadow=\"none\"    data-normal_margins=\"margin-bottom:20px;\"   data-bg=\"rgba(102,57,0,0.09)\"  data-border_color=\"transparent\" >[vc_single_image image=\u00a0\u00bb178&Prime; img_size=\u00a0\u00bbmedium\u00a0\u00bb alignment=\u00a0\u00bbcenter\u00a0\u00bb]<div class=\"dt-fancy-separator h4-size accent-title-color\" style=\"width: 100%;\"><div class=\"dt-fancy-title\"><span class=\"separator-holder separator-left\"><\/span>Produits de Curasano<span class=\"separator-holder separator-right\"><\/span><\/div><\/div>[vc_column_text]Donne un beau bronzage naturel[\/vc_column_text]\t\t<\/div>\t<\/a><\/div>[\/vc_column][vc_column width=\u00a0\u00bb1\/4&Prime;]<div class=\"ult-content-box-container \" >\t<a class=\"ult-content-box-anchor\" href=\"http:\/\/spraytanexpress.info\/manuel\/?lang=fr\" >\t\t<div class=\"ult-content-box\" style=\"background-color:rgba(102,57,0,0.09);box-shadow: px px px px #f7f7f7 none;border-style:solid;border-color:transparent;padding-top:15px;margin-bottom:20px;-webkit-transition: all 700ms ease;-moz-transition: all 700ms ease;-ms-transition: all 700ms ease;-o-transition: all 700ms ease;transition: all 700ms ease;\"  data-hover_bg_color=\"rgba(255,255,255,0.39)\"  data-hover_box_shadow=\"none\"    data-normal_margins=\"margin-bottom:20px;\"   data-bg=\"rgba(102,57,0,0.09)\"  data-border_color=\"transparent\" ><div id=\"ult-carousel-213091881469f35d0e047c6\" class=\"ult-carousel-wrapper  vc_custom_1481806296882 ult-carousel-wrapper-home ult_horizontal\" data-gutter=\"0\" data-rtl=\"false\" ><div class=\"ult-carousel-390627893569f35d0e03cdc \" >[vc_single_image image=\u00a0\u00bb190&Prime; img_size=\u00a0\u00bbmedium\u00a0\u00bb][vc_single_image image=\u00a0\u00bb189&Prime; img_size=\u00a0\u00bbmedium\u00a0\u00bb][vc_single_image image=\u00a0\u00bb191&Prime; img_size=\u00a0\u00bbmedium\u00a0\u00bb][vc_single_image image=\u00a0\u00bb192&Prime; img_size=\u00a0\u00bbmedium\u00a0\u00bb]<\/div><\/div>\t\t\t<script type=\"text\/javascript\">\n\t\t\t\tjQuery(document).ready(function ($) {\n\t\t\t\t\tif( typeof jQuery('.ult-carousel-390627893569f35d0e03cdc').slick == \"function\"){\n\t\t\t\t\t\t$('.ult-carousel-390627893569f35d0e03cdc').slick({dots: false,autoplay: true,autoplaySpeed: \"5000\",speed: \"1000\",infinite: true,arrows: false,slidesToScroll:1,slidesToShow:1,swipe: true,draggable: true,touchMove: true,pauseOnHover: true,pauseOnFocus: false,responsive: [\n\t\t\t\t\t\t\t{\n\t\t\t\t\t\t\t  breakpoint: 1026,\n\t\t\t\t\t\t\t  settings: {\n\t\t\t\t\t\t\t\tslidesToShow: 1,\n\t\t\t\t\t\t\t\tslidesToScroll: 1,  \n\t\t\t\t\t\t\t  }\n\t\t\t\t\t\t\t},\n\t\t\t\t\t\t\t{\n\t\t\t\t\t\t\t  breakpoint: 1025,\n\t\t\t\t\t\t\t  settings: {\n\t\t\t\t\t\t\t\tslidesToShow: 1,\n\t\t\t\t\t\t\t\tslidesToScroll: 1\n\t\t\t\t\t\t\t  }\n\t\t\t\t\t\t\t},\n\t\t\t\t\t\t\t{\n\t\t\t\t\t\t\t  breakpoint: 760,\n\t\t\t\t\t\t\t  settings: {\n\t\t\t\t\t\t\t\tslidesToShow: 1,\n\t\t\t\t\t\t\t\tslidesToScroll: 1\n\t\t\t\t\t\t\t  }\n\t\t\t\t\t\t\t}\n\t\t\t\t\t\t],pauseOnDotsHover: true,customPaging: function(slider, i) {\n                   return '<i type=\"button\" style= \"color:#333333;\" class=\"ultsl-record\" data-role=\"none\"><\/i>';\n                },});\n\t\t\t\t\t}\n\t\t\t\t});\n\t\t\t<\/script>\n\t\t\t<div class=\"dt-fancy-separator h4-size accent-title-color\" style=\"width: 100%;\"><div class=\"dt-fancy-title\"><span class=\"separator-holder separator-left\"><\/span>Soin<span class=\"separator-holder separator-right\"><\/span><\/div><\/div>[vc_column_text]Laissez-vous choyer avec Curasano Spraytan Express[\/vc_column_text]\t\t<\/div>\t<\/a><\/div>[\/vc_column][vc_column width=\u00a0\u00bb1\/4&Prime;]<div class=\"ult-content-box-container \" >\t<a class=\"ult-content-box-anchor\" href=\"http:\/\/spraytanexpress.info\/contact\/?lang=fr\" >\t\t<div class=\"ult-content-box\" style=\"background-color:rgba(102,57,0,0.09);box-shadow: px px px px #f7f7f7 none;border-style:solid;border-color:transparent;padding-top:15px;margin-bottom:20px;-webkit-transition: all 700ms ease;-moz-transition: all 700ms ease;-ms-transition: all 700ms ease;-o-transition: all 700ms ease;transition: all 700ms ease;\"  data-hover_bg_color=\"rgba(255,255,255,0.39)\"  data-hover_box_shadow=\"none\"    data-normal_margins=\"margin-bottom:20px;\"   data-bg=\"rgba(102,57,0,0.09)\"  data-border_color=\"transparent\" >[vc_single_image image=\u00a0\u00bb199&Prime; img_size=\u00a0\u00bbmedium\u00a0\u00bb alignment=\u00a0\u00bbcenter\u00a0\u00bb]<div class=\"dt-fancy-separator h4-size accent-title-color\" style=\"width: 100%;\"><div class=\"dt-fancy-title\"><span class=\"separator-holder separator-left\"><\/span>Devenir distributeur!<span class=\"separator-holder separator-right\"><\/span><\/div><\/div>[vc_column_text]Vous voulez faire partie de la famille de Curasano?[\/vc_column_text]\t\t<\/div>\t<\/a><\/div>[\/vc_column][vc_column width=\u00a0\u00bb1\/4&Prime;]<div class=\"ult-content-box-container \" >\t<a class=\"ult-content-box-anchor\" href=\"http:\/\/spraytanexpress.info\/contact\/?lang=fr\" >\t\t<div class=\"ult-content-box\" style=\"background-color:rgba(102,57,0,0.09);box-shadow: px px px px #f7f7f7 none;border-style:solid;border-color:transparent;padding-top:15px;margin-bottom:20px;-webkit-transition: all 700ms ease;-moz-transition: all 700ms ease;-ms-transition: all 700ms ease;-o-transition: all 700ms ease;transition: all 700ms ease;\"  data-hover_bg_color=\"rgba(255,255,255,0.39)\"  data-hover_box_shadow=\"none\"    data-normal_margins=\"margin-bottom:20px;\"   data-bg=\"rgba(102,57,0,0.09)\"  data-border_color=\"transparent\" ><div id=\"ult-carousel-11722730569f35d0e04b74\" class=\"ult-carousel-wrapper  vc_custom_1481806307328 ult-carousel-wrapper-home ult_horizontal\" data-gutter=\"0\" data-rtl=\"false\" ><div class=\"ult-carousel-415750465569f35d0e04b39 \" >[vc_single_image image=\u00a0\u00bb207&Prime; img_size=\u00a0\u00bbmedium\u00a0\u00bb][vc_single_image image=\u00a0\u00bb206&Prime; img_size=\u00a0\u00bbmedium\u00a0\u00bb]<\/div><\/div>\t\t\t<script type=\"text\/javascript\">\n\t\t\t\tjQuery(document).ready(function ($) {\n\t\t\t\t\tif( typeof jQuery('.ult-carousel-415750465569f35d0e04b39').slick == \"function\"){\n\t\t\t\t\t\t$('.ult-carousel-415750465569f35d0e04b39').slick({dots: false,autoplay: true,autoplaySpeed: \"3000\",speed: \"1000\",infinite: true,arrows: false,slidesToScroll:1,slidesToShow:1,swipe: true,draggable: true,touchMove: true,pauseOnHover: true,pauseOnFocus: false,responsive: [\n\t\t\t\t\t\t\t{\n\t\t\t\t\t\t\t  breakpoint: 1026,\n\t\t\t\t\t\t\t  settings: {\n\t\t\t\t\t\t\t\tslidesToShow: 1,\n\t\t\t\t\t\t\t\tslidesToScroll: 1,  \n\t\t\t\t\t\t\t  }\n\t\t\t\t\t\t\t},\n\t\t\t\t\t\t\t{\n\t\t\t\t\t\t\t  breakpoint: 1025,\n\t\t\t\t\t\t\t  settings: {\n\t\t\t\t\t\t\t\tslidesToShow: 1,\n\t\t\t\t\t\t\t\tslidesToScroll: 1\n\t\t\t\t\t\t\t  }\n\t\t\t\t\t\t\t},\n\t\t\t\t\t\t\t{\n\t\t\t\t\t\t\t  breakpoint: 760,\n\t\t\t\t\t\t\t  settings: {\n\t\t\t\t\t\t\t\tslidesToShow: 1,\n\t\t\t\t\t\t\t\tslidesToScroll: 1\n\t\t\t\t\t\t\t  }\n\t\t\t\t\t\t\t}\n\t\t\t\t\t\t],pauseOnDotsHover: true,customPaging: function(slider, i) {\n                   return '<i type=\"button\" style= \"color:#333333;\" class=\"ultsl-record\" data-role=\"none\"><\/i>';\n                },});\n\t\t\t\t\t}\n\t\t\t\t});\n\t\t\t<\/script>\n\t\t\t<div class=\"dt-fancy-separator h4-size accent-title-color\" style=\"width: 100%;\"><div class=\"dt-fancy-title\"><span class=\"separator-holder separator-left\"><\/span>Facebook<span class=\"separator-holder separator-right\"><\/span><\/div><\/div>[vc_column_text]<\/p>\n<p style=\"text-align: center;\">Restez inform\u00e9 de nos actions et conseils beaut\u00e9<\/p>\n<p>[\/vc_column_text]\t\t<\/div>\t<\/a><\/div>[\/vc_column][\/vc_row]<\/p>\n<\/div>","protected":false},"excerpt":{"rendered":"<p>[vc_row][vc_column][vc_custom_heading text=\u00a0\u00bbCurasano Spraytan Express, le luxueux et instantan\u00e9 spray bronzant\u00a0\u00bb font_container=\u00a0\u00bbtag:h1|text_align:left\u00a0\u00bb use_theme_fonts=\u00a0\u00bbyes\u00a0\u00bb][vc_empty_space][vc_column_text] En appliquant un voile activateur de bronzage, on obtient instantan\u00e9ment un bel \u00e9clat brun dor\u00e9. Le spray va, les heures qui suivent, activer la m\u00e9lanine de la peau de fa\u00e7on sensible afin de d\u00e9velopper un beau bronzage tout comme le ferait le processus&hellip;<\/p>\n","protected":false},"author":1,"featured_media":0,"parent":0,"menu_order":0,"comment_status":"closed","ping_status":"open","template":"","meta":{"footnotes":""},"class_list":["post-219","page","type-page","status-publish","hentry","description-off"],"_links":{"self":[{"href":"https:\/\/spraytanexpress.info\/fr\/wp-json\/wp\/v2\/pages\/219","targetHints":{"allow":["GET"]}}],"collection":[{"href":"https:\/\/spraytanexpress.info\/fr\/wp-json\/wp\/v2\/pages"}],"about":[{"href":"https:\/\/spraytanexpress.info\/fr\/wp-json\/wp\/v2\/types\/page"}],"author":[{"embeddable":true,"href":"https:\/\/spraytanexpress.info\/fr\/wp-json\/wp\/v2\/users\/1"}],"replies":[{"embeddable":true,"href":"https:\/\/spraytanexpress.info\/fr\/wp-json\/wp\/v2\/comments?post=219"}],"version-history":[{"count":5,"href":"https:\/\/spraytanexpress.info\/fr\/wp-json\/wp\/v2\/pages\/219\/revisions"}],"predecessor-version":[{"id":269,"href":"https:\/\/spraytanexpress.info\/fr\/wp-json\/wp\/v2\/pages\/219\/revisions\/269"}],"wp:attachment":[{"href":"https:\/\/spraytanexpress.info\/fr\/wp-json\/wp\/v2\/media?parent=219"}],"curies":[{"name":"wp","href":"https:\/\/api.w.org\/{rel}","templated":true}]}}