{"id":1545,"date":"2018-07-11T16:27:37","date_gmt":"2018-07-11T14:27:37","guid":{"rendered":"http:\/\/spraytanexpress.info\/?page_id=1545"},"modified":"2019-11-15T09:31:54","modified_gmt":"2019-11-15T08:31:54","slug":"merci-pour-votre-commande","status":"publish","type":"page","link":"https:\/\/spraytanexpress.info\/fr\/merci-pour-votre-commande\/","title":{"rendered":"Merci pour votre commande!"},"content":{"rendered":"<div class=\"wpb-content-wrapper\"><p>[vc_row][vc_column width=\u00a0\u00bb1\/6&Prime;][\/vc_column][vc_column width=\u00a0\u00bb2\/3&Prime;][vc_message message_box_color=\u00a0\u00bbsuccess\u00a0\u00bb icon_fontawesome=\u00a0\u00bbfa fa-heart\u00a0\u00bb]Merci pour votre commande![\/vc_message][\/vc_column][vc_column width=\u00a0\u00bb1\/6&Prime;][\/vc_column][\/vc_row][vc_row][vc_column width=\u00a0\u00bb1\/6&Prime;][\/vc_column][vc_column width=\u00a0\u00bb2\/3&Prime;][vc_column_text]<span class=\"notranslate\">Nous vous remercions de la confiance dans nos produits.<\/span> <span class=\"notranslate\"> Votre commande est maintenant v\u00e9rifi\u00e9e manuellement.<\/span><\/p>\n<p><span class=\"notranslate\"> Si vous \u00eates un <strong>nouveau client,<\/strong> vous recevrez une <strong>facture proforma<\/strong> d\u00e8s que possible.<\/span> <span class=\"notranslate\"> Quand il a \u00e9t\u00e9 pay\u00e9, les marchandises seront envoy\u00e9es.<\/span> <span class=\"notranslate\"> Dans le cas o\u00f9 vous \u00eates <strong>d\u00e9j\u00e0 un client<\/strong> , les marchandises sont <strong>imm\u00e9diatement envoy\u00e9es<\/strong> et vous recevez la facture.<\/span>[\/vc_column_text][\/vc_column][vc_column width=\u00a0\u00bb1\/6&Prime;][\/vc_column][\/vc_row][vc_row][vc_column width=\u00a0\u00bb1\/6&Prime;][\/vc_column][vc_column width=\u00a0\u00bb2\/6&Prime;][vc_cta h2=\u00a0\u00bb\u00a0\u00bb color=\u00a0\u00bbchino\u00a0\u00bb add_button=\u00a0\u00bbbottom\u00a0\u00bb btn_title=\u00a0\u00bbListe de prix\u00a0\u00bb btn_color=\u00a0\u00bbdanger\u00a0\u00bb btn_align=\u00a0\u00bbcenter\u00a0\u00bb btn_i_icon_fontawesome=\u00a0\u00bbfa fa-book\u00a0\u00bb btn_button_block=\u00a0\u00bbtrue\u00a0\u00bb btn_add_icon=\u00a0\u00bbtrue\u00a0\u00bb btn_link=\u00a0\u00bburl:http%3A%2F%2Fpricelist.curasano.com||target:%20_blank|\u00a0\u00bb]<span class=\"notranslate\">Si vous n&rsquo;\u00eates pas encore au courant de nos prix, vous pouvez les consulter \u00e0 tout moment via le lien ci-dessous.<\/span>[\/vc_cta][\/vc_column][vc_column width=\u00a0\u00bb2\/6&Prime;][vc_cta h2=\u00a0\u00bb\u00a0\u00bb color=\u00a0\u00bbchino\u00a0\u00bb add_button=\u00a0\u00bbbottom\u00a0\u00bb btn_title=\u00a0\u00bbT\u00e9l\u00e9charger ici\u00a0\u00bb btn_color=\u00a0\u00bbdanger\u00a0\u00bb btn_align=\u00a0\u00bbcenter\u00a0\u00bb btn_i_icon_fontawesome=\u00a0\u00bbfa fa-picture-o\u00a0\u00bb btn_button_block=\u00a0\u00bbtrue\u00a0\u00bb btn_add_icon=\u00a0\u00bbtrue\u00a0\u00bb btn_link=\u00a0\u00bburl:http%3A%2F%2F2018.curasano.com||target:%20_blank|\u00a0\u00bb]<span class=\"notranslate\">Vous pouvez \u00e9galement t\u00e9l\u00e9charger diverses images, vid\u00e9os, photos, &#8230; et bien plus encore via le lien ci-dessous.<\/span>[\/vc_cta][\/vc_column][vc_column width=\u00a0\u00bb1\/6&Prime;][\/vc_column][\/vc_row]<\/p>\n<\/div>","protected":false},"excerpt":{"rendered":"<p>[vc_row][vc_column width=\u00a0\u00bb1\/6&Prime;][\/vc_column][vc_column width=\u00a0\u00bb2\/3&Prime;][vc_message message_box_color=\u00a0\u00bbsuccess\u00a0\u00bb icon_fontawesome=\u00a0\u00bbfa fa-heart\u00a0\u00bb]Merci pour votre commande![\/vc_message][\/vc_column][vc_column width=\u00a0\u00bb1\/6&Prime;][\/vc_column][\/vc_row][vc_row][vc_column width=\u00a0\u00bb1\/6&Prime;][\/vc_column][vc_column width=\u00a0\u00bb2\/3&Prime;][vc_column_text]Nous vous remercions de la confiance dans nos produits. Votre commande est maintenant v\u00e9rifi\u00e9e manuellement. Si vous \u00eates un nouveau client, vous recevrez une facture proforma d\u00e8s que possible. Quand il a \u00e9t\u00e9 pay\u00e9, les marchandises seront envoy\u00e9es. Dans le cas o\u00f9 vous \u00eates&hellip;<\/p>\n","protected":false},"author":1,"featured_media":0,"parent":0,"menu_order":0,"comment_status":"closed","ping_status":"closed","template":"","meta":{"footnotes":""},"class_list":["post-1545","page","type-page","status-publish","hentry","description-off"],"_links":{"self":[{"href":"https:\/\/spraytanexpress.info\/fr\/wp-json\/wp\/v2\/pages\/1545","targetHints":{"allow":["GET"]}}],"collection":[{"href":"https:\/\/spraytanexpress.info\/fr\/wp-json\/wp\/v2\/pages"}],"about":[{"href":"https:\/\/spraytanexpress.info\/fr\/wp-json\/wp\/v2\/types\/page"}],"author":[{"embeddable":true,"href":"https:\/\/spraytanexpress.info\/fr\/wp-json\/wp\/v2\/users\/1"}],"replies":[{"embeddable":true,"href":"https:\/\/spraytanexpress.info\/fr\/wp-json\/wp\/v2\/comments?post=1545"}],"version-history":[{"count":1,"href":"https:\/\/spraytanexpress.info\/fr\/wp-json\/wp\/v2\/pages\/1545\/revisions"}],"predecessor-version":[{"id":1546,"href":"https:\/\/spraytanexpress.info\/fr\/wp-json\/wp\/v2\/pages\/1545\/revisions\/1546"}],"wp:attachment":[{"href":"https:\/\/spraytanexpress.info\/fr\/wp-json\/wp\/v2\/media?parent=1545"}],"curies":[{"name":"wp","href":"https:\/\/api.w.org\/{rel}","templated":true}]}}