{"id":153,"date":"2016-12-14T09:08:12","date_gmt":"2016-12-14T08:08:12","guid":{"rendered":"http:\/\/spraytanexpress.info\/?page_id=153"},"modified":"2019-11-15T09:31:52","modified_gmt":"2019-11-15T08:31:52","slug":"avantages","status":"publish","type":"page","link":"https:\/\/spraytanexpress.info\/fr\/avantages\/","title":{"rendered":"Avantages"},"content":{"rendered":"<div class=\"wpb-content-wrapper\"><p>[vc_row][vc_column width=\u00a0\u00bb2\/3&Prime;]<div class=\"dt-fancy-separator title-left h3-size\" style=\"width: 100%;\"><div class=\"dt-fancy-title\"><span class=\"separator-holder separator-left\"><\/span>Avantages de Curasano Spraytan Express<span class=\"separator-holder separator-right\"><\/span><\/div><\/div>[vc_empty_space][vc_column_text]<\/p>\n<ul>\n<li>On obtient instantan\u00e9ment un beau bronzage.<\/li>\n<li>Alimente la peau d\u2019\u00e9l\u00e9ments naturels riches tels que:\u00a0Aloe Vera, Vitamine E et Ginseng.<\/li>\n<li>Simple et facile \u00e0 appliquer, r\u00e9sultat naturel et durable.<\/li>\n<li>Traitement s\u00fbr et sain pour la sant\u00e9.<\/li>\n<li>Test\u00e9 par les dermatologues.<\/li>\n<li>Convient \u00e0 tous les types de peau.<\/li>\n<li>Sentiment fantastique, vous \u00eates et vous sentez bien!<\/li>\n<li>Facilement applicable sans traces ou taches.<\/li>\n<li>Sans parfum et sans conservateurs.<\/li>\n<li>L\u2019alternatif sain aux rayons nocifs du soleil et aux bancs solaires.<\/li>\n<li>S\u00e8che vite sans laisser de taches.<\/li>\n<li>Peut \u00eatre utilis\u00e9 plusieurs fois.<\/li>\n<li>Un r\u00e9sultat continu et prolong\u00e9 sur plusieurs jours.<\/li>\n<li>Pour 60 applications visage + decollet\u00e9.<\/li>\n<\/ul>\n<p>[\/vc_column_text]<div class=\"dt-fancy-separator title-left h3-size\" style=\"width: 100%;\"><div class=\"dt-fancy-title\"><span class=\"separator-holder separator-left\"><\/span>Recommand\u00e9<span class=\"separator-holder separator-right\"><\/span><\/div><\/div>[vc_empty_space][vc_column_text]<strong>Curasano Spraytan Express<\/strong> est conseill\u00e9 par les dermatologues et les sp\u00e9cialistes de la peau. Curasano Spraytan Express est un alternatif sain et s\u00fbr afin d\u2019obtenir un magnifique bronzage uniforme sans utiliser les rayons UV n\u00e9fastes du soleil ou du solarium.[\/vc_column_text][\/vc_column][vc_column width=\u00a0\u00bb1\/3&Prime;]<blockquote class=\"text-big shortcode-blockquote\"><p><em>Curasano Spraytan Express est un vaporisateur naturel de haute qualit\u00e9 sp\u00e9cialement d\u00e9velopp\u00e9 pour obtenir un bronzage magnifique et uniforme toute l\u2019ann\u00e9e.<br \/>\n<\/em><\/p>\n<\/blockquote>[\/vc_column][\/vc_row]<\/p>\n<\/div>","protected":false},"excerpt":{"rendered":"<p>[vc_row][vc_column width=\u00a0\u00bb2\/3&Prime;][vc_empty_space][vc_column_text] On obtient instantan\u00e9ment un beau bronzage. Alimente la peau d\u2019\u00e9l\u00e9ments naturels riches tels que:\u00a0Aloe Vera, Vitamine E et Ginseng. Simple et facile \u00e0 appliquer, r\u00e9sultat naturel et durable. Traitement s\u00fbr et sain pour la sant\u00e9. Test\u00e9 par les dermatologues. Convient \u00e0 tous les types de peau. Sentiment fantastique, vous \u00eates et vous sentez&hellip;<\/p>\n","protected":false},"author":1,"featured_media":0,"parent":0,"menu_order":0,"comment_status":"closed","ping_status":"closed","template":"","meta":{"footnotes":""},"class_list":["post-153","page","type-page","status-publish","hentry","description-off"],"_links":{"self":[{"href":"https:\/\/spraytanexpress.info\/fr\/wp-json\/wp\/v2\/pages\/153","targetHints":{"allow":["GET"]}}],"collection":[{"href":"https:\/\/spraytanexpress.info\/fr\/wp-json\/wp\/v2\/pages"}],"about":[{"href":"https:\/\/spraytanexpress.info\/fr\/wp-json\/wp\/v2\/types\/page"}],"author":[{"embeddable":true,"href":"https:\/\/spraytanexpress.info\/fr\/wp-json\/wp\/v2\/users\/1"}],"replies":[{"embeddable":true,"href":"https:\/\/spraytanexpress.info\/fr\/wp-json\/wp\/v2\/comments?post=153"}],"version-history":[{"count":1,"href":"https:\/\/spraytanexpress.info\/fr\/wp-json\/wp\/v2\/pages\/153\/revisions"}],"predecessor-version":[{"id":155,"href":"https:\/\/spraytanexpress.info\/fr\/wp-json\/wp\/v2\/pages\/153\/revisions\/155"}],"wp:attachment":[{"href":"https:\/\/spraytanexpress.info\/fr\/wp-json\/wp\/v2\/media?parent=153"}],"curies":[{"name":"wp","href":"https:\/\/api.w.org\/{rel}","templated":true}]}}