{"id":142,"date":"2016-12-13T17:31:29","date_gmt":"2016-12-13T16:31:29","guid":{"rendered":"http:\/\/spraytanexpress.info\/?page_id=142"},"modified":"2019-11-15T09:31:53","modified_gmt":"2019-11-15T08:31:53","slug":"manuel","status":"publish","type":"page","link":"https:\/\/spraytanexpress.info\/fr\/manuel\/","title":{"rendered":"Manuel"},"content":{"rendered":"<div class=\"wpb-content-wrapper\"><p>[vc_row][vc_column width=\u00a0\u00bb5\/6&Prime;]<div class=\"dt-fancy-separator title-left h3-size\" style=\"width: 100%;\"><div class=\"dt-fancy-title\"><span class=\"separator-holder separator-left\"><\/span>Comment appliquer Curasano Spraytan Express\u00ae?<span class=\"separator-holder separator-right\"><\/span><\/div><\/div>[vc_empty_space][vc_column_text]Nettoyer la peau avant l\u2019application.\u00a0Cela peut \u00eatre fait avec un gommage.<br \/>\n<strong><br \/>\n\u00c9tape 1 :<\/strong> Bien agiter avant l&rsquo;utilisation.<\/p>\n<p><strong>\u00c9tape 2 :<\/strong> Maintenir le flacon \u00e0 une\u00a0distance de 30cm du corps lors de\u00a0l\u2019application.<\/p>\n<p><strong>\u00c9tape 3a :<\/strong>\u00a0Appliquer le produit en\u00a0travaillant de haut en bas, et en\u00a0r\u00e9alisant un mouvement en forme de S\u00a0avec le flacon.<\/p>\n<p><strong>\u00c9tape 3b :<\/strong>\u00a0L\u2019application peut \u00eatre\u00a0r\u00e9alis\u00e9e \u00e0 l\u2019aide du gant <strong><a href=\"http:\/\/shop.curasano.com\/cur_fr\/auto-bronzants\/spraytan-sentz.html\" target=\"_blank\" rel=\"noopener noreferrer\">Curasano\u00a0Spraytan Sentz\u00ae (commandez ici)<\/a><\/strong> ou Curasano\u00a0Spraytan Sentz Mini\u00ae. Appliquer le\u00a0spray<strong><a href=\"http:\/\/shop.curasano.com\/cur_fr\/auto-bronzants\/curasano-spraytan-express.html\" target=\"_blank\" rel=\"noopener noreferrer\"> Curasano Spraytan Express\u00ae\u00a0(commandez ici)<\/a><\/strong>\u00a0sur le gant afin d\u2019appliquer le produit\u00a0uniform\u00e9ment.<\/p>\n<p><strong>\u00c9tape 4 :<\/strong>\u00a0Apr\u00e8s application, laisser\u00a0s\u00e9cher le produit pendant environ 10\u00a0minutes. Il est possible d\u2019acc\u00e9l\u00e9rer\u00a0le temps de s\u00e9chage en utilisant un\u00a0s\u00e8che-cheveux.[\/vc_column_text][vc_empty_space][vc_video link=\u00a0\u00bbhttps:\/\/www.youtube.com\/watch?v=bg62QJX7iho&amp;feature=youtu.be\u00a0\u00bb][vc_empty_space]<div class=\"dt-fancy-separator title-left h3-size\" style=\"width: 100%;\"><div class=\"dt-fancy-title\"><span class=\"separator-holder separator-left\"><\/span>Conseils<span class=\"separator-holder separator-right\"><\/span><\/div><\/div>[vc_empty_space][vc_column_text]<\/p>\n<ul>\n<li>Atomisez en mouvement fluide et continu sans frotter.<\/li>\n<li>En cas d\u2019utilisation fr\u00e9quente, effectuez des gommages.<\/li>\n<li>Pour obtenir un bronzage plus intense vous pouvez utiliser Curasano Spraytan Express en traitements s\u00e9par\u00e9s rapproch\u00e9s.<\/li>\n<\/ul>\n<p>[\/vc_column_text][\/vc_column][vc_column width=\u00a0\u00bb1\/6&Prime;][vc_single_image image=\u00a0\u00bb129&Prime; img_size=\u00a0\u00bbfull\u00a0\u00bb][vc_single_image image=\u00a0\u00bb130&Prime; img_size=\u00a0\u00bbfull\u00a0\u00bb][vc_single_image image=\u00a0\u00bb131&Prime; img_size=\u00a0\u00bbfull\u00a0\u00bb][vc_single_image image=\u00a0\u00bb132&Prime; img_size=\u00a0\u00bbfull\u00a0\u00bb][\/vc_column][\/vc_row]<\/p>\n<\/div>","protected":false},"excerpt":{"rendered":"<p>[vc_row][vc_column width=\u00a0\u00bb5\/6&Prime;][vc_empty_space][vc_column_text]Nettoyer la peau avant l\u2019application.\u00a0Cela peut \u00eatre fait avec un gommage. \u00c9tape 1 : Bien agiter avant l&rsquo;utilisation. \u00c9tape 2 : Maintenir le flacon \u00e0 une\u00a0distance de 30cm du corps lors de\u00a0l\u2019application. \u00c9tape 3a :\u00a0Appliquer le produit en\u00a0travaillant de haut en bas, et en\u00a0r\u00e9alisant un mouvement en forme de S\u00a0avec le flacon. \u00c9tape 3b&hellip;<\/p>\n","protected":false},"author":1,"featured_media":0,"parent":0,"menu_order":0,"comment_status":"closed","ping_status":"closed","template":"","meta":{"footnotes":""},"class_list":["post-142","page","type-page","status-publish","hentry","description-off"],"_links":{"self":[{"href":"https:\/\/spraytanexpress.info\/fr\/wp-json\/wp\/v2\/pages\/142","targetHints":{"allow":["GET"]}}],"collection":[{"href":"https:\/\/spraytanexpress.info\/fr\/wp-json\/wp\/v2\/pages"}],"about":[{"href":"https:\/\/spraytanexpress.info\/fr\/wp-json\/wp\/v2\/types\/page"}],"author":[{"embeddable":true,"href":"https:\/\/spraytanexpress.info\/fr\/wp-json\/wp\/v2\/users\/1"}],"replies":[{"embeddable":true,"href":"https:\/\/spraytanexpress.info\/fr\/wp-json\/wp\/v2\/comments?post=142"}],"version-history":[{"count":2,"href":"https:\/\/spraytanexpress.info\/fr\/wp-json\/wp\/v2\/pages\/142\/revisions"}],"predecessor-version":[{"id":3567,"href":"https:\/\/spraytanexpress.info\/fr\/wp-json\/wp\/v2\/pages\/142\/revisions\/3567"}],"wp:attachment":[{"href":"https:\/\/spraytanexpress.info\/fr\/wp-json\/wp\/v2\/media?parent=142"}],"curies":[{"name":"wp","href":"https:\/\/api.w.org\/{rel}","templated":true}]}}