{"id":116,"date":"2016-12-13T17:02:55","date_gmt":"2016-12-13T16:02:55","guid":{"rendered":"http:\/\/spraytanexpress.info\/?page_id=116"},"modified":"2019-11-15T09:31:54","modified_gmt":"2019-11-15T08:31:54","slug":"questions-frequentes","status":"publish","type":"page","link":"https:\/\/spraytanexpress.info\/fr\/questions-frequentes\/","title":{"rendered":"Questions fr\u00e9quentes"},"content":{"rendered":"<div class=\"wpb-content-wrapper\"><p>[vc_row][vc_column]<div class=\"dt-fancy-separator title-left h3-size\" style=\"width: 100%;\"><div class=\"dt-fancy-title\"><span class=\"separator-holder separator-left\"><\/span>Utilisation et traitements<span class=\"separator-holder separator-right\"><\/span><\/div><\/div>[vc_empty_space][vc_toggle title=\u00a0\u00bb Combien de traitements puis-je obtenir d&rsquo;une bouteille Curasano Spraytan Express? \u00a0\u00bb el_id=\u00a0\u00bb1481643686505-c5ca15fe-b1ef\u00a0\u00bb]<\/p>\n<div class=\"accordionContent\">\n<div id=\"question40\" class=\"panel-collapse collapse in\">\n<div class=\"panel-body\">\n<div>\n<p>Avec une bouteille Curasano Spraytan Express, divers traitements sont effectu\u00e9s en fonction de la zone que l&rsquo;on souhaite traiter:<\/p>\n<p>\u2022 Pour le visage, le cou et le d\u00e9collet\u00e9: 50 \u00e0 60 traitements<\/p>\n<p>\u2022 Pour le corps entier: 8 \u00e0 10 traitements<\/p>\n<\/div>\n<\/div>\n<\/div>\n<\/div>\n<p>[\/vc_toggle][vc_toggle title=\u00a0\u00bbQuand j&rsquo;applique Curasano Spraytan Express le mieux? \u00a0\u00bb el_id=\u00a0\u00bb1481643716957-f07525cd-5e94&Prime;]Pour obtenir les meilleurs r\u00e9sultats, il est recommand\u00e9 d&rsquo;appliquer Curasano Spraytan Express dans la matin\u00e9e, de pr\u00e9f\u00e9rence apr\u00e8s le nettoyage et le peeling du peau.[\/vc_toggle][vc_toggle title=\u00a0\u00bbComment appliquer Curasano Spraytan Express le meilleur pour obtenir la teinte \u00e9gale? \u00a0\u00bb el_id=\u00a0\u00bb1481643733519-edaa72c5-dfda\u00a0\u00bb]<\/p>\n<div class=\"accordionContent\">\n<div class=\"accordionContent\">\n<div id=\"question64\" class=\"panel-collapse collapse in\">\n<div class=\"panel-body\">\n<div>\n<p>Pour le visage, le cou et le d\u00e9collet\u00e9, maintenir le flacon \u00e0 une distance de 30cm de la peau lors de l&rsquo;application.<\/p>\n<p>Pour le corps vous pouvez utiliser Curasano Spraytan Express Sentz, pour \u00e9galiser le\u00a0produit m\u00eame pour les zones difficiles \u00e0 atteindre.<\/p>\n<\/div>\n<\/div>\n<\/div>\n<\/div>\n<\/div>\n<p>[\/vc_toggle][vc_toggle title=\u00a0\u00bbCurasano Spraytan peut \u00eatre utilis\u00e9 sur le maquillage? \u00a0\u00bb el_id=\u00a0\u00bb1481643750493-6f66fbfe-f447&Prime;]<\/p>\n<div class=\"accordionContent\">\n<div class=\"accordionContent\">\n<div id=\"question155\" class=\"panel-collapse collapse in\">\n<div class=\"panel-body\">\n<p>Curasano Spraytan Express peut \u00eatre utilis\u00e9 sur le maquillage, mais ceci s&rsquo;assurera que le beau teint Curasano Spraytan Express seulement deux \u00e0 trois jours restera visible.<\/p>\n<p>Pour des meilleurs r\u00e9sultats, il est recommand\u00e9 d&rsquo;utiliser Curasano Spraytan Express sur une peau parfaitement nettoy\u00e9e.<\/p>\n<\/div>\n<\/div>\n<\/div>\n<\/div>\n<p>[\/vc_toggle][vc_toggle title=\u00a0\u00bbCombien de temps sera le r\u00e9sultat visible apr\u00e8s l&rsquo;application Curasano Spraytan Express ? \u00a0\u00bb el_id=\u00a0\u00bb1481643769267-793e48e8-904f\u00a0\u00bb]<\/p>\n<div class=\"accordionContent\">\n<div class=\"accordionContent\">\n<div class=\"accordionContent\">\n<div id=\"question65\" class=\"panel-collapse collapse in\">\n<div class=\"panel-body\">\n<p>Curasano Spraytan Express donne un effet de longue dur\u00e9e qui reste visibles plusieurs jours apr\u00e8s l&rsquo;application.<\/p>\n<p>Les meilleurs r\u00e9sultats (5 \u00e0 6 jours) peuvent \u00eatre obtenus par Curasano Spraytan Express sur une peau soigneusement nettoy\u00e9e.<\/p>\n<\/div>\n<\/div>\n<\/div>\n<\/div>\n<\/div>\n<p>[\/vc_toggle][vc_toggle title=\u00a0\u00bbJ&rsquo;ai des cheveux blonds. Est-ce que Curasano Spraytan Express peut colorer des cheveux ? \u00a0\u00bb el_id=\u00a0\u00bb1481643787654-b62f8aad-e4a9&Prime;]<\/p>\n<div class=\"accordionContent\">Curasano Spraytan Express jamais fournir la\u00a0d\u00e9coloration des cheveux. Si vous appuyez accidentellement sur votre spray,\u00a0vous pouvez facilement et rapidement laver des cheveux avec un shampooing ordinaire. Bien s\u00fbr, il est recommand\u00e9 de prot\u00e9ger vos cheveux au pr\u00e9alable pour \u00e9viter ce probl\u00e8me.<\/div>\n<p>[\/vc_toggle][vc_toggle title=\u00a0\u00bbFait Curasano Spraytan Express des taches? \u00a0\u00bb el_id=\u00a0\u00bb1481643807976-f10d7fbf-a0ee\u00a0\u00bb]<\/p>\n<div class=\"accordionContent\">Curasano Spraytan Express s\u00e8che tr\u00e8s vite et est habituellement quelques minutes enti\u00e8rement \u00e9tir\u00e9s dans la peau. Apr\u00e8s la pulv\u00e9risation n&rsquo;\u00e9mettra pas et donc pas de taches.<\/div>\n<p>[\/vc_toggle][vc_toggle title=\u00a0\u00bbCombien de temps devrais je Curasano Spraytan Express laisser tremper pour de meilleurs r\u00e9sultats ? \u00a0\u00bb el_id=\u00a0\u00bb1481643825861-0291c557-22f0&Prime;]<\/p>\n<div class=\"accordionContent\">\n<div class=\"accordionContent\">\n<div class=\"accordionContent\">Pour obtenir le meilleur r\u00e9sultat, il est recommand\u00e9 de laisser s\u00e9cher Curasano Spraytan Express au moins 10 \u00e0 15 minutes apr\u00e8s l&rsquo;application. Le processus de s\u00e9chage peut \u00eatre raccourci \u00e0 l&rsquo;aide d&rsquo;un s\u00e9choir de cheveux\/s\u00e8che-cheveux.<\/div>\n<\/div>\n<\/div>\n<p>[\/vc_toggle][vc_toggle title=\u00a0\u00bbComment puis-je supprimer Curasano Spraytan Express? \u00a0\u00bb el_id=\u00a0\u00bb1481643843958-5eb484b5-d0ed\u00a0\u00bb]Curasano Spraytan Express peut \u00eatre facilement retir\u00e9 en lavant soigneusement les sites trait\u00e9s avec de l&rsquo;eau de citron. Aussi, vous pouvez utiliser nettoyants pour le corps ou de peeling.[\/vc_toggle][vc_toggle title=\u00a0\u00bb Y at-il une diff\u00e9rence dans l&rsquo;application Curasano Spraytan Express entre les hommes et les femmes? \u00a0\u00bb el_id=\u00a0\u00bb1481643862069-6632fa2c-40af\u00a0\u00bb]Il n&rsquo;y a presque pas de diff\u00e9rences dans la fa\u00e7on recommand\u00e9 d&rsquo;appliquer Curasano Spraytan Express chez des\u00a0hommes ou des femmes.<\/p>\n<p>La seule diff\u00e9rence est qu&rsquo;il est recommand\u00e9 d&rsquo;utiliser le gant Curasano Spraytan Sentz chez les hommes avec une barbe afin Curasano Spraytan Express peut \u00eatre \u00e9galis\u00e9\u00a0partout de mani\u00e8re uniforme.[\/vc_toggle][vc_empty_space]<div class=\"dt-fancy-separator title-left h3-size\" style=\"width: 100%;\"><div class=\"dt-fancy-title\"><span class=\"separator-holder separator-left\"><\/span>Sant\u00e9<span class=\"separator-holder separator-right\"><\/span><\/div><\/div>[vc_empty_space][vc_toggle title=\u00a0\u00bbPuis-je \u00eatre allergique \u00e0 Curasano Spraytan Express? \u00a0\u00bb el_id=\u00a0\u00bb1481644008496-776cf723-a691&Prime;]<\/p>\n<div class=\"accordionContent\">\n<div id=\"question66\" class=\"panel-collapse collapse in\">\n<div class=\"panel-body\">\n<div>\n<p>Curasano Spraytan Express est un produit s\u00fbr qui a \u00e9t\u00e9 soigneusement test\u00e9 dermatologiquement.<\/p>\n<p>Rappelez-vous, Curasano Spraytan express contient de l&rsquo;extrait de marron d&rsquo;Inde et pourrait occuper d&rsquo;une r\u00e9action allergique chez les personnes qui sont allergiques aux noix.<\/p>\n<\/div>\n<\/div>\n<\/div>\n<\/div>\n<p>[\/vc_toggle][vc_toggle title=\u00a0\u00bbPuis-je utiliser Curasano Spraytan Express avec un transat? \u00a0\u00bb el_id=\u00a0\u00bb1481644031813-e6b20605-b480&Prime;]<\/p>\n<div class=\"accordionContent\">\n<div class=\"accordionContent\">\n<div id=\"question67\" class=\"panel-collapse collapse in\">\n<div class=\"panel-body\">\n<div>\n<p>Curasano Spraytan Express peut \u00eatre utilis\u00e9 sans probl\u00e8me en combinaison avec un traitement de solarium.<\/p>\n<p>Mais attention, car Curasano Spraytan Express ne contient pas de protection contre les rayons n\u00e9fastes du soleil et de bronzage. Nous recommandons donc que conjointement avec Curasano Spraytan Express pour utiliser une bonne cr\u00e8me solaire si vous voulez profiter du soleil.<\/p>\n<\/div>\n<\/div>\n<\/div>\n<\/div>\n<\/div>\n<p>[\/vc_toggle][vc_toggle title=\u00a0\u00bb Je dois la peau tr\u00e8s sensible. Puis-je utiliser Curasano Spraytan Express? \u00a0\u00bb el_id=\u00a0\u00bb1481644048884-4d57ca03-72db\u00a0\u00bb]<\/p>\n<div class=\"accordionContent\">\n<div class=\"accordionContent\">Curasano Spraytan express ne contient pas de partage de fichiers des irritants et peut donc \u00eatre utilis\u00e9 en toute s\u00e9curit\u00e9 sur la peau sensible. Il est recommand\u00e9 de pulv\u00e9riser le premier test sur une petite surface de la peau, et alors seulement \u00e0 \u00eatre int\u00e9gr\u00e9 dans les emplacements souhait\u00e9s.<\/div>\n<\/div>\n<p>[\/vc_toggle][vc_toggle title=\u00a0\u00bbCurasano Spraytan Express offre une protection contre les rayons UV nocifs du soleil? \u00a0\u00bb el_id=\u00a0\u00bb1481644067395-7402c372-a0fc\u00a0\u00bb]<\/p>\n<div class=\"accordionContent\">\n<div class=\"accordionContent\">\n<div class=\"accordionContent\">\n<p>Curasano Spraytan Express ne poss\u00e8de pas un facteur UV et donc ne prot\u00e8ge pas contre le soleil. En utilisant Curasano Spraytan express ont d\u00e9j\u00e0 un bronzage, vous faire les exposant moins souvent aux rayons UV nocifs du soleil.<\/p>\n<p>Nous vous recommandons d&rsquo;utiliser en combinaison avec Curasano Spraytan Express, une bonne cr\u00e8me solaire si vous avez encore du soleil (ou le tannage) souhaitez profiter.<\/p>\n<\/div>\n<\/div>\n<\/div>\n<p>[\/vc_toggle][vc_toggle title=\u00a0\u00bbJe Curasano Spraytan Express peut obtenir pores obstru\u00e9s? \u00a0\u00bb el_id=\u00a0\u00bb1481644085161-5649f113-9b0c\u00a0\u00bb]<\/p>\n<div class=\"accordionContent\">\n<div class=\"accordionContent\">\n<div class=\"accordionContent\">En utilisation normale Curasano Spraytan Express ne causer les pores obstru\u00e9s. Voudriez-vous fr\u00e9quemment pour utiliser Curasano Spraytan Express, nous recommandons que vous vous lavez les zones trait\u00e9es r\u00e9guli\u00e8rement bons et en appliquant \u00e9ventuellement un peeling.<\/div>\n<\/div>\n<\/div>\n<p>[\/vc_toggle][vc_toggle title=\u00a0\u00bbL&rsquo;utilisation r\u00e9guli\u00e8re de Curasano Spraytan express nocif pour la peau? \u00a0\u00bb el_id=\u00a0\u00bb1481644101231-649b3077-24ba\u00a0\u00bb]<\/p>\n<div class=\"accordionContent\">\n<div class=\"accordionContent\">\n<div class=\"accordionContent\">L&rsquo;utilisation r\u00e9guli\u00e8re de Curasano Spraytan Express est absolument s\u00fbr et ne sera pas endommager la peau. Bien s\u00fbr, nous ne recommandons pas trop avec l&rsquo;application de Curasano Spraytan express.<\/div>\n<\/div>\n<\/div>\n<p>[\/vc_toggle][vc_toggle title=\u00a0\u00bb\u00c0 quel \u00e2ge Curasano Spraytan expr\u00e8s peut \u00eatre utilis\u00e9? \u00a0\u00bb el_id=\u00a0\u00bb1481644120251-431d138b-36b0&Prime;]<\/p>\n<div class=\"accordionContent\">\n<div class=\"accordionContent\">\n<div class=\"accordionContent\">Curasano Spraytan expr\u00e8s peut \u00eatre utilis\u00e9 par toute personne ind\u00e9pendamment de l&rsquo;\u00e2ge.<\/div>\n<\/div>\n<\/div>\n<p>[\/vc_toggle][vc_empty_space]<div class=\"dt-fancy-separator title-left h3-size\" style=\"width: 100%;\"><div class=\"dt-fancy-title\"><span class=\"separator-holder separator-left\"><\/span>Vente<span class=\"separator-holder separator-right\"><\/span><\/div><\/div>[vc_empty_space][vc_toggle title=\u00a0\u00bbO\u00f9 puis-je acheter Curasano Spraytan Express? \u00a0\u00bb el_id=\u00a0\u00bb1481644155297-e6ef5838-d0a4&Prime;]<\/p>\n<div class=\"accordionContent\">\n<div class=\"accordionContent\">\n<div class=\"accordionContent\">\n<div class=\"accordionContent\">\n<div id=\"question68\" class=\"panel-collapse collapse in\">\n<div class=\"panel-body\">\n<div>\n<p>Il ya plusieurs options pour obtenir Curasano Spraytan Express:<\/p>\n<ul>\n<li>Dans l&rsquo;un des nombreux <a href=\"http:\/\/www.curasano.com\/nl\/6\/waar-te-koop.aspx\" target=\"_blank\" rel=\"noopener noreferrer\">Curasano Spraytan express <em>\u00a0<\/em> centres<\/a><\/li>\n<li>Sur les diff\u00e9rents march\u00e9s o\u00f9 Curasano Spraytan Express est disponible<\/li>\n<li>Gr\u00e2ce \u00e0 la <a href=\"http:\/\/shop.curasano.com\/cur_nl\/self-tanning.html\" target=\"_blank\" rel=\"noopener noreferrer\">boutique Curasano Spraytan express<\/a><\/li>\n<\/ul>\n<\/div>\n<\/div>\n<\/div>\n<\/div>\n<\/div>\n<\/div>\n<\/div>\n<p>[\/vc_toggle][vc_toggle title=\u00a0\u00bbPuis-je obtenir des certificats-cadeaux de Curasano Spraytan Express? \u00a0\u00bb el_id=\u00a0\u00bb1481644205291-bb523c66-7b57&Prime;]<\/p>\n<div class=\"accordionContent\">\n<div class=\"accordionContent\">\n<div class=\"accordionContent\">\n<div class=\"accordionContent\">Actuellement, il est impossible d&rsquo;obtenir des cartes-cadeaux pour Curasano Spraytan express. Nous sommes cependant travaillons \u00e0 offrir la possibilit\u00e9 d\u00e8s que possible de commander des certificats-cadeaux.<\/div>\n<\/div>\n<\/div>\n<\/div>\n<p>[\/vc_toggle][vc_toggle title=\u00a0\u00bbPuis-je obtenir Curasano Spraytan Express \u00e0 une bo\u00eete-cadeau? \u00a0\u00bb el_id=\u00a0\u00bb1481644217136-d4356561-fa22&Prime;]<\/p>\n<div class=\"accordionContent\">\n<div class=\"accordionContent\">\n<div class=\"accordionContent\">\n<div class=\"accordionContent\">Curasano Spraytan Express est actuellement d\u00e9j\u00e0 disponible dans des emballages alt\u00e9r\u00e9s agr\u00e9ables comprenant un flacon Curasano Spraytan Express et uniques gant Curasano Spraytan Sentz.<\/div>\n<\/div>\n<\/div>\n<\/div>\n<p>[\/vc_toggle][vc_empty_space]<div class=\"dt-fancy-separator title-left h3-size\" style=\"width: 100%;\"><div class=\"dt-fancy-title\"><span class=\"separator-holder separator-left\"><\/span>Questions sur le produit<span class=\"separator-holder separator-right\"><\/span><\/div><\/div>[vc_empty_space][vc_toggle title=\u00a0\u00bbCurasano Spraytan Express dispose d&rsquo;une odeur? \u00a0\u00bb el_id=\u00a0\u00bb1481644396965-7a46bcc9-863a\u00a0\u00bb]<\/p>\n<div class=\"accordionContent\">\n<div class=\"accordionContent\">\n<div class=\"accordionContent\">\n<div class=\"accordionContent\">Contrairement \u00e0 la plupart des auto-bronzants g\u00e9n\u00e9riques Curasano Spraytan Express dispose pas d&rsquo;odeur piquante. Merci \u00e0 sa composition unique Curasano Spraytan express alternative si s\u00fbr et inodore pour obtenir rapidement un teint bronz\u00e9 belle.<\/div>\n<\/div>\n<\/div>\n<\/div>\n<p>[\/vc_toggle][vc_toggle title=\u00a0\u00bbY at-il diff\u00e9rentes nuances disponibles pour Curasano Spraytan Express? \u00a0\u00bb el_id=\u00a0\u00bb1481644334892-9244c804-d673&Prime;]Curasano Spraytan Express est seulement disponible en une seule teinte de la couleur. Qui veut encore obtenir une teinte plus fonc\u00e9e possible d&rsquo;application Curasano Spraytan Express \u00e0 des traitements individuels.[\/vc_toggle][vc_empty_space]<div class=\"dt-fancy-separator title-left h3-size\" style=\"width: 100%;\"><div class=\"dt-fancy-title\"><span class=\"separator-holder separator-left\"><\/span>Divers<span class=\"separator-holder separator-right\"><\/span><\/div><\/div>[vc_empty_space][vc_toggle title=\u00a0\u00bbJe pulv\u00e9ris\u00e9 accidentellement sur mes v\u00eatements. Comment puis-je enlever la tache meilleur? \u00a0\u00bb el_id=\u00a0\u00bb1481644251972-afcaca2c-f103&Prime;]Merci \u00e0 sa composition unique fait Curasano Spraytan Express Aucune des taches permanentes. Avez-vous accidentellement produit pulv\u00e9ris\u00e9 sur les v\u00eatements par exemple, l&rsquo;endroit peut \u00eatre facilement lav\u00e9 \u00e0 l&rsquo;eau et au savon.[\/vc_toggle][vc_toggle title=\u00a0\u00bbComment conscient des actions autour Curasano Spraytan Express? \u00a0\u00bb el_id=\u00a0\u00bb1481644352201-2b9e31b9-64a3&Prime;]<\/p>\n<div id=\"question73\" class=\"panel-collapse collapse in\">\n<div class=\"panel-body\">\n<div>\n<p>Il ya plusieurs fa\u00e7ons de rester inform\u00e9 des campagnes et promotions autour Curasano Spraytan Express:<\/p>\n<ul>\n<li>En devenant membre de notre <a href=\"http:\/\/facebook.spraytanexpress.info\" target=\"_blank\" rel=\"noopener noreferrer\">Facebook communaut\u00e9,<\/a> o\u00f9 nous avons \u00e9galement organisons r\u00e9guli\u00e8rement des actions o\u00f9 vous pouvez gagner des paquets alt\u00e9r\u00e9s gratuits.<\/li>\n<li>Gr\u00e2ce \u00e0 notre <a href=\"http:\/\/twitter.spraytanexpress.info\/\" target=\"_blank\" rel=\"noopener noreferrer\">Twitter communaut\u00e9.<\/a><\/li>\n<li>Gr\u00e2ce \u00e0 la page de l&rsquo;\u00e9v\u00e9nement sur le site.<\/li>\n<\/ul>\n<\/div>\n<\/div>\n<\/div>\n<p>[\/vc_toggle][\/vc_column][\/vc_row]<\/p>\n<\/div>","protected":false},"excerpt":{"rendered":"<p>[vc_row][vc_column][vc_empty_space][vc_toggle title=\u00a0\u00bb Combien de traitements puis-je obtenir d&rsquo;une bouteille Curasano Spraytan Express? \u00a0\u00bb el_id=\u00a0\u00bb1481643686505-c5ca15fe-b1ef\u00a0\u00bb] Avec une bouteille Curasano Spraytan Express, divers traitements sont effectu\u00e9s en fonction de la zone que l&rsquo;on souhaite traiter: \u2022 Pour le visage, le cou et le d\u00e9collet\u00e9: 50 \u00e0 60 traitements \u2022 Pour le corps entier: 8 \u00e0 10 traitements&hellip;<\/p>\n","protected":false},"author":1,"featured_media":0,"parent":0,"menu_order":0,"comment_status":"closed","ping_status":"closed","template":"","meta":{"footnotes":""},"class_list":["post-116","page","type-page","status-publish","hentry","description-off"],"_links":{"self":[{"href":"https:\/\/spraytanexpress.info\/fr\/wp-json\/wp\/v2\/pages\/116","targetHints":{"allow":["GET"]}}],"collection":[{"href":"https:\/\/spraytanexpress.info\/fr\/wp-json\/wp\/v2\/pages"}],"about":[{"href":"https:\/\/spraytanexpress.info\/fr\/wp-json\/wp\/v2\/types\/page"}],"author":[{"embeddable":true,"href":"https:\/\/spraytanexpress.info\/fr\/wp-json\/wp\/v2\/users\/1"}],"replies":[{"embeddable":true,"href":"https:\/\/spraytanexpress.info\/fr\/wp-json\/wp\/v2\/comments?post=116"}],"version-history":[{"count":2,"href":"https:\/\/spraytanexpress.info\/fr\/wp-json\/wp\/v2\/pages\/116\/revisions"}],"predecessor-version":[{"id":3568,"href":"https:\/\/spraytanexpress.info\/fr\/wp-json\/wp\/v2\/pages\/116\/revisions\/3568"}],"wp:attachment":[{"href":"https:\/\/spraytanexpress.info\/fr\/wp-json\/wp\/v2\/media?parent=116"}],"curies":[{"name":"wp","href":"https:\/\/api.w.org\/{rel}","templated":true}]}}