{"id":94,"date":"2016-12-13T16:35:07","date_gmt":"2016-12-13T15:35:07","guid":{"rendered":"http:\/\/spraytanexpress.info\/?page_id=94"},"modified":"2019-11-15T09:32:17","modified_gmt":"2019-11-15T08:32:17","slug":"etikett","status":"publish","type":"page","link":"https:\/\/spraytanexpress.info\/de\/etikett\/","title":{"rendered":"Etikett"},"content":{"rendered":"<div class=\"wpb-content-wrapper\"><p>[vc_row][vc_column][vc_column_text]<strong>\u00dcber Spraytan Express<\/strong><\/p>\n<p>Dieses nat\u00fcrliche Produkt verschafft umgehend einen gesunden und sonnengebr\u00e4unten Teint \u2013 das ganze Jahr \u00fcber!<\/p>\n<p><strong>Anwendung von Spraytan Express<\/strong><\/p>\n<p>Damit Spraytan Express gleichm\u00e4\u00dfig deckt, sollte die Spraydose vor der Anwendung gesch\u00fcttelt werden. Halten Sie das Produkt bei der Anwendung ca. 30 cm von der Haut entfernt.<\/p>\n<p>Wird Spraytan Express am ganzen K\u00f6rper angewendet, empfehlen wir, bei den F\u00fc\u00dfen zu beginnen. Tragen Sie den Spr\u00fchnebel mit leicht kreisenden Bewegungen auf.<\/p>\n<p>Es ist wichtig, dass Sie Spraytan Express nicht zu dick auftragen. Weitere Anwendungen, um bei besonders heller Haut den Teint abzudunkeln, sind kein Problem.<\/p>\n<p>Der Sofortbr\u00e4uner zeigt umgehend Wirkung. Das Produkt beinhaltet einen nat\u00fcrlichen Wirkstoff, der innerhalb der n\u00e4chsten Stunden einen dunkleren und st\u00e4rkeren Teint erzeugt. Das Ergebnis h\u00e4lt bis zu 5 Tage an. Vermeiden Sie den Kontakt zu hellen Stoffen bis Sie geduscht haben, da der Sofortbr\u00e4uner solche Oberfl\u00e4chen beschmutzen kann.<\/p>\n<p>Behandelte Fl\u00e4chen sollten zum Trocknen f\u00fcr 10 Minuten nicht bedeckt werden. Der Vorgang kann mit einem F\u00f6hn beschleunigt werden.<\/p>\n<p>Dieses Produkt enth\u00e4lt keine UV-Blocker.<\/p>\n<p><strong><em>Ingredients:<\/em><\/strong> <em>Aqua, Alcohol Denat., Dihydroxyacetone, Propylene Glycol, Ethoxydiglycol, Polysorbate 20, Aloe Barbadensis Leaf Juice (Aloe Vera), Potassium Sorbate, Sodium Benzoate, 2-Bromo-2-nitropropane-1,3-diol, Citric Acid, CI 16035, CI 19140, CI 42090, Panax Gingseng Root Extract<\/em><\/p>\n<p><strong>ACHTUNG:<\/strong> Beh\u00e4lter steht unter Druck: vor Sonnenlicht sch\u00fctzen. Nicht Temperaturen \u00fcber 50\u00b0C aussetzen. Nicht anstechen oder verbrennen, auch nicht, wenn die Dose leer ist. Nicht ins Feuer oder gegen gl\u00fchende Gegenst\u00e4nde spr\u00fchen. Direktes Einatmen vermeiden. Nicht auf verletzter oder besch\u00e4digter Haut anwenden. Bei Hautirritationen nicht weiter anwenden. Augenkontakt vermeiden. Bei Augenkontakt mit warmem Wasser aussp\u00fclen. Nicht auf Stoffe\/M\u00f6bel auftragen. An k\u00fchlem Ort aufbewahren.<\/p>\n<p align=\"center\">Exclusively made for and distributed by Dreamfields bvba<br \/>\nStatiestraat 2 &#8211; 8570 Anzegem &#8211; Belgium<br \/>\ninfo@curasano.com &#8211; www.curasano.com<br \/>\nCurasano is a reg.tm. of Dreamfields bvba 009114075<\/p>\n<p>[\/vc_column_text][\/vc_column][\/vc_row]<\/p>\n<\/div>","protected":false},"excerpt":{"rendered":"<p>[vc_row][vc_column][vc_column_text]\u00dcber Spraytan Express Dieses nat\u00fcrliche Produkt verschafft umgehend einen gesunden und sonnengebr\u00e4unten Teint \u2013 das ganze Jahr \u00fcber! Anwendung von Spraytan Express Damit Spraytan Express gleichm\u00e4\u00dfig deckt, sollte die Spraydose vor der Anwendung gesch\u00fcttelt werden. Halten Sie das Produkt bei der Anwendung ca. 30 cm von der Haut entfernt. Wird Spraytan Express am ganzen K\u00f6rper&hellip;<\/p>\n","protected":false},"author":1,"featured_media":0,"parent":0,"menu_order":0,"comment_status":"closed","ping_status":"closed","template":"","meta":{"footnotes":""},"class_list":["post-94","page","type-page","status-publish","hentry","description-off"],"_links":{"self":[{"href":"https:\/\/spraytanexpress.info\/de\/wp-json\/wp\/v2\/pages\/94","targetHints":{"allow":["GET"]}}],"collection":[{"href":"https:\/\/spraytanexpress.info\/de\/wp-json\/wp\/v2\/pages"}],"about":[{"href":"https:\/\/spraytanexpress.info\/de\/wp-json\/wp\/v2\/types\/page"}],"author":[{"embeddable":true,"href":"https:\/\/spraytanexpress.info\/de\/wp-json\/wp\/v2\/users\/1"}],"replies":[{"embeddable":true,"href":"https:\/\/spraytanexpress.info\/de\/wp-json\/wp\/v2\/comments?post=94"}],"version-history":[{"count":1,"href":"https:\/\/spraytanexpress.info\/de\/wp-json\/wp\/v2\/pages\/94\/revisions"}],"predecessor-version":[{"id":96,"href":"https:\/\/spraytanexpress.info\/de\/wp-json\/wp\/v2\/pages\/94\/revisions\/96"}],"wp:attachment":[{"href":"https:\/\/spraytanexpress.info\/de\/wp-json\/wp\/v2\/media?parent=94"}],"curies":[{"name":"wp","href":"https:\/\/api.w.org\/{rel}","templated":true}]}}