{"id":228,"date":"2016-12-14T14:12:31","date_gmt":"2016-12-14T13:12:31","guid":{"rendered":"http:\/\/spraytanexpress.info\/?page_id=228"},"modified":"2019-11-15T09:32:18","modified_gmt":"2019-11-15T08:32:18","slug":"startseite","status":"publish","type":"page","link":"https:\/\/spraytanexpress.info\/de\/","title":{"rendered":"Startseite"},"content":{"rendered":"<div class=\"wpb-content-wrapper\"><p>[vc_row][vc_column][vc_custom_heading text=&#8220;Curasano Spraytan Express Luxuri\u00f6ser, schneller Selbstbr\u00e4uner&#8220; font_container=&#8220;tag:h1|text_align:center|color:%235e462b&#8220; use_theme_fonts=&#8220;yes&#8220;][vc_empty_space][vc_column_text]Nach dem Auftragen des nachhaltig selbstbr\u00e4unenden Sprays erh\u00e4lt man sofort eine sch\u00f6ne, goldbraune F\u00e4rbung. In den nachfolgenden Stunden wird der Selbstbr\u00e4uner noch weiter und sichtbar wirken, der sch\u00f6ne braune Teint bleibt noch mehrere Tage zu sehen, wie beim nat\u00fcrlichen Br\u00e4unungsprozess.[\/vc_column_text][\/vc_column][\/vc_row][vc_row type=&#8220;vc_default&#8220; full_width=&#8220;stretch_row&#8220; parallax=&#8220;content-moving&#8220; bg_type=&#8220;image&#8220; parallax_style=&#8220;vcpb-vz-jquery&#8220; bg_image_new=&#8220;id^168|url^http:\/\/spraytanexpress.info\/wp-content\/uploads\/2016\/12\/bg_pattern.jpg|caption^null|alt^null|title^bg_pattern|description^null&#8220; bg_image_size=&#8220;initial&#8220; parallax_content=&#8220;parallax_content_value&#8220;][vc_column width=&#8220;1\/4&#8243;]<div class=\"ult-content-box-container \" >\t<a class=\"ult-content-box-anchor\" href=\"http:\/\/shop.curasano.com\/cur_nl\/self-tanning.html?___from_store=cur_en\" target=\"_blank\" rel=\"noopener\" >\t\t<div class=\"ult-content-box\" style=\"background-color:rgba(102,57,0,0.09);box-shadow: px px px px #f7f7f7 none;border-style:solid;border-color:transparent;padding-top:15px;margin-bottom:20px;-webkit-transition: all 700ms ease;-moz-transition: all 700ms ease;-ms-transition: all 700ms ease;-o-transition: all 700ms ease;transition: all 700ms ease;\"  data-hover_bg_color=\"rgba(255,255,255,0.39)\"  data-hover_box_shadow=\"none\"    data-normal_margins=\"margin-bottom:20px;\"   data-bg=\"rgba(102,57,0,0.09)\"  data-border_color=\"transparent\" >[vc_single_image image=&#8220;178&#8243; img_size=&#8220;medium&#8220; add_caption=&#8220;yes&#8220; alignment=&#8220;center&#8220;]<div class=\"dt-fancy-separator h4-size accent-title-color\" style=\"width: 100%;\"><div class=\"dt-fancy-title\"><span class=\"separator-holder separator-left\"><\/span>Curasano Produkte<span class=\"separator-holder separator-right\"><\/span><\/div><\/div>[vc_column_text]<\/p>\n<p style=\"text-align: center;\">Gibt eine sch\u00f6ne nat\u00fcrliche Br\u00e4unung<\/p>\n<p>[\/vc_column_text]\t\t<\/div>\t<\/a><\/div>[\/vc_column][vc_column width=&#8220;1\/4&#8243;]<div class=\"ult-content-box-container \" >\t<a class=\"ult-content-box-anchor\" href=\"http:\/\/spraytanexpress.info\/handbuch\/?lang=de\" >\t\t<div class=\"ult-content-box\" style=\"background-color:rgba(102,57,0,0.09);box-shadow: px px px px #f7f7f7 none;border-style:solid;border-color:transparent;padding-top:15px;margin-bottom:20px;-webkit-transition: all 700ms ease;-moz-transition: all 700ms ease;-ms-transition: all 700ms ease;-o-transition: all 700ms ease;transition: all 700ms ease;\"  data-hover_bg_color=\"rgba(255,255,255,0.39)\"  data-hover_box_shadow=\"none\"    data-normal_margins=\"margin-bottom:20px;\"   data-bg=\"rgba(102,57,0,0.09)\"  data-border_color=\"transparent\" ><div id=\"ult-carousel-198719946569f294ed94419\" class=\"ult-carousel-wrapper  vc_custom_1481806336835 ult-carousel-wrapper-home ult_horizontal\" data-gutter=\"0\" data-rtl=\"false\" ><div class=\"ult-carousel-422905989769f294ed9418f \" >[vc_single_image image=&#8220;190&#8243; img_size=&#8220;medium&#8220;][vc_single_image image=&#8220;189&#8243; img_size=&#8220;medium&#8220;][vc_single_image image=&#8220;191&#8243; img_size=&#8220;medium&#8220;][vc_single_image image=&#8220;192&#8243; img_size=&#8220;medium&#8220;]<\/div><\/div>\t\t\t<script type=\"text\/javascript\">\n\t\t\t\tjQuery(document).ready(function ($) {\n\t\t\t\t\tif( typeof jQuery('.ult-carousel-422905989769f294ed9418f').slick == \"function\"){\n\t\t\t\t\t\t$('.ult-carousel-422905989769f294ed9418f').slick({dots: false,autoplay: true,autoplaySpeed: \"5000\",speed: \"1000\",infinite: true,arrows: false,slidesToScroll:1,slidesToShow:1,swipe: true,draggable: true,touchMove: true,pauseOnHover: true,pauseOnFocus: false,responsive: [\n\t\t\t\t\t\t\t{\n\t\t\t\t\t\t\t  breakpoint: 1026,\n\t\t\t\t\t\t\t  settings: {\n\t\t\t\t\t\t\t\tslidesToShow: 1,\n\t\t\t\t\t\t\t\tslidesToScroll: 1,  \n\t\t\t\t\t\t\t  }\n\t\t\t\t\t\t\t},\n\t\t\t\t\t\t\t{\n\t\t\t\t\t\t\t  breakpoint: 1025,\n\t\t\t\t\t\t\t  settings: {\n\t\t\t\t\t\t\t\tslidesToShow: 1,\n\t\t\t\t\t\t\t\tslidesToScroll: 1\n\t\t\t\t\t\t\t  }\n\t\t\t\t\t\t\t},\n\t\t\t\t\t\t\t{\n\t\t\t\t\t\t\t  breakpoint: 760,\n\t\t\t\t\t\t\t  settings: {\n\t\t\t\t\t\t\t\tslidesToShow: 1,\n\t\t\t\t\t\t\t\tslidesToScroll: 1\n\t\t\t\t\t\t\t  }\n\t\t\t\t\t\t\t}\n\t\t\t\t\t\t],pauseOnDotsHover: true,customPaging: function(slider, i) {\n                   return '<i type=\"button\" style= \"color:#333333;\" class=\"ultsl-record\" data-role=\"none\"><\/i>';\n                },});\n\t\t\t\t\t}\n\t\t\t\t});\n\t\t\t<\/script>\n\t\t\t<div class=\"dt-fancy-separator h4-size accent-title-color\" style=\"width: 100%;\"><div class=\"dt-fancy-title\"><span class=\"separator-holder separator-left\"><\/span>Behandlung<span class=\"separator-holder separator-right\"><\/span><\/div><\/div>[vc_column_text]<\/p>\n<p style=\"text-align: center;\">Lassen Sie sich verw\u00f6hnen mit Curasano Spraytan Express<\/p>\n<p>[\/vc_column_text]\t\t<\/div>\t<\/a><\/div>[\/vc_column][vc_column width=&#8220;1\/4&#8243;]<div class=\"ult-content-box-container \" >\t<a class=\"ult-content-box-anchor\" href=\"http:\/\/localhost\/spraytanexpress\/kontakt\/?lang=de\" >\t\t<div class=\"ult-content-box\" style=\"background-color:rgba(102,57,0,0.09);box-shadow: px px px px #f7f7f7 none;border-style:solid;border-color:transparent;padding-top:15px;margin-bottom:20px;-webkit-transition: all 700ms ease;-moz-transition: all 700ms ease;-ms-transition: all 700ms ease;-o-transition: all 700ms ease;transition: all 700ms ease;\"  data-hover_bg_color=\"rgba(255,255,255,0.39)\"  data-hover_box_shadow=\"none\"    data-normal_margins=\"margin-bottom:20px;\"   data-bg=\"rgba(102,57,0,0.09)\"  data-border_color=\"transparent\" >[vc_single_image image=&#8220;199&#8243; img_size=&#8220;medium&#8220; alignment=&#8220;center&#8220;]<div class=\"dt-fancy-separator h4-size accent-title-color\" style=\"width: 100%;\"><div class=\"dt-fancy-title\"><span class=\"separator-holder separator-left\"><\/span>Werde H\u00e4ndler<span class=\"separator-holder separator-right\"><\/span><\/div><\/div>[vc_column_text]<\/p>\n<p style=\"text-align: center;\">F\u00fchlen Sie sich wie ein Teil der Familie Curasano<\/p>\n<p>[\/vc_column_text]\t\t<\/div>\t<\/a><\/div>[\/vc_column][vc_column width=&#8220;1\/4&#8243;]<div class=\"ult-content-box-container \" >\t<a class=\"ult-content-box-anchor\" href=\"http:\/\/spraytanexpress.info\/kontakt\/?lang=de\" >\t\t<div class=\"ult-content-box\" style=\"background-color:rgba(102,57,0,0.09);box-shadow: px px px px #f7f7f7 none;border-style:solid;border-color:transparent;padding-top:15px;margin-bottom:20px;-webkit-transition: all 700ms ease;-moz-transition: all 700ms ease;-ms-transition: all 700ms ease;-o-transition: all 700ms ease;transition: all 700ms ease;\"  data-hover_bg_color=\"rgba(255,255,255,0.39)\"  data-hover_box_shadow=\"none\"    data-normal_margins=\"margin-bottom:20px;\"   data-bg=\"rgba(102,57,0,0.09)\"  data-border_color=\"transparent\" ><div id=\"ult-carousel-350345015869f294ed94753\" class=\"ult-carousel-wrapper  vc_custom_1481806347351 ult-carousel-wrapper-home ult_horizontal\" data-gutter=\"0\" data-rtl=\"false\" ><div class=\"ult-carousel-293240352769f294ed94712 \" >[vc_single_image image=&#8220;207&#8243; img_size=&#8220;medium&#8220;][vc_single_image image=&#8220;206&#8243; img_size=&#8220;medium&#8220;]<\/div><\/div>\t\t\t<script type=\"text\/javascript\">\n\t\t\t\tjQuery(document).ready(function ($) {\n\t\t\t\t\tif( typeof jQuery('.ult-carousel-293240352769f294ed94712').slick == \"function\"){\n\t\t\t\t\t\t$('.ult-carousel-293240352769f294ed94712').slick({dots: false,autoplay: true,autoplaySpeed: \"3000\",speed: \"1000\",infinite: true,arrows: false,slidesToScroll:1,slidesToShow:1,swipe: true,draggable: true,touchMove: true,pauseOnHover: true,pauseOnFocus: false,responsive: [\n\t\t\t\t\t\t\t{\n\t\t\t\t\t\t\t  breakpoint: 1026,\n\t\t\t\t\t\t\t  settings: {\n\t\t\t\t\t\t\t\tslidesToShow: 1,\n\t\t\t\t\t\t\t\tslidesToScroll: 1,  \n\t\t\t\t\t\t\t  }\n\t\t\t\t\t\t\t},\n\t\t\t\t\t\t\t{\n\t\t\t\t\t\t\t  breakpoint: 1025,\n\t\t\t\t\t\t\t  settings: {\n\t\t\t\t\t\t\t\tslidesToShow: 1,\n\t\t\t\t\t\t\t\tslidesToScroll: 1\n\t\t\t\t\t\t\t  }\n\t\t\t\t\t\t\t},\n\t\t\t\t\t\t\t{\n\t\t\t\t\t\t\t  breakpoint: 760,\n\t\t\t\t\t\t\t  settings: {\n\t\t\t\t\t\t\t\tslidesToShow: 1,\n\t\t\t\t\t\t\t\tslidesToScroll: 1\n\t\t\t\t\t\t\t  }\n\t\t\t\t\t\t\t}\n\t\t\t\t\t\t],pauseOnDotsHover: true,customPaging: function(slider, i) {\n                   return '<i type=\"button\" style= \"color:#333333;\" class=\"ultsl-record\" data-role=\"none\"><\/i>';\n                },});\n\t\t\t\t\t}\n\t\t\t\t});\n\t\t\t<\/script>\n\t\t\t<div class=\"dt-fancy-separator h4-size accent-title-color\" style=\"width: 100%;\"><div class=\"dt-fancy-title\"><span class=\"separator-holder separator-left\"><\/span>Facebook<span class=\"separator-holder separator-right\"><\/span><\/div><\/div>[vc_column_text]Unseres Handelns und Beauty-Tipps auf dem Laufenden halten.[\/vc_column_text]\t\t<\/div>\t<\/a><\/div>[\/vc_column][\/vc_row]<\/p>\n<\/div>","protected":false},"excerpt":{"rendered":"<p>[vc_row][vc_column][vc_custom_heading text=&#8220;Curasano Spraytan Express Luxuri\u00f6ser, schneller Selbstbr\u00e4uner&#8220; font_container=&#8220;tag:h1|text_align:center|color:%235e462b&#8220; use_theme_fonts=&#8220;yes&#8220;][vc_empty_space][vc_column_text]Nach dem Auftragen des nachhaltig selbstbr\u00e4unenden Sprays erh\u00e4lt man sofort eine sch\u00f6ne, goldbraune F\u00e4rbung. In den nachfolgenden Stunden wird der Selbstbr\u00e4uner noch weiter und sichtbar wirken, der sch\u00f6ne braune Teint bleibt noch mehrere Tage zu sehen, wie beim nat\u00fcrlichen Br\u00e4unungsprozess.[\/vc_column_text][\/vc_column][\/vc_row][vc_row type=&#8220;vc_default&#8220; full_width=&#8220;stretch_row&#8220; parallax=&#8220;content-moving&#8220; bg_type=&#8220;image&#8220; parallax_style=&#8220;vcpb-vz-jquery&#8220; bg_image_new=&#8220;id^168|url^http:\/\/spraytanexpress.info\/wp-content\/uploads\/2016\/12\/bg_pattern.jpg|caption^null|alt^null|title^bg_pattern|description^null&#8220; bg_image_size=&#8220;initial&#8220;&hellip;<\/p>\n","protected":false},"author":1,"featured_media":0,"parent":0,"menu_order":0,"comment_status":"closed","ping_status":"open","template":"","meta":{"footnotes":""},"class_list":["post-228","page","type-page","status-publish","hentry","description-off"],"_links":{"self":[{"href":"https:\/\/spraytanexpress.info\/de\/wp-json\/wp\/v2\/pages\/228","targetHints":{"allow":["GET"]}}],"collection":[{"href":"https:\/\/spraytanexpress.info\/de\/wp-json\/wp\/v2\/pages"}],"about":[{"href":"https:\/\/spraytanexpress.info\/de\/wp-json\/wp\/v2\/types\/page"}],"author":[{"embeddable":true,"href":"https:\/\/spraytanexpress.info\/de\/wp-json\/wp\/v2\/users\/1"}],"replies":[{"embeddable":true,"href":"https:\/\/spraytanexpress.info\/de\/wp-json\/wp\/v2\/comments?post=228"}],"version-history":[{"count":5,"href":"https:\/\/spraytanexpress.info\/de\/wp-json\/wp\/v2\/pages\/228\/revisions"}],"predecessor-version":[{"id":270,"href":"https:\/\/spraytanexpress.info\/de\/wp-json\/wp\/v2\/pages\/228\/revisions\/270"}],"wp:attachment":[{"href":"https:\/\/spraytanexpress.info\/de\/wp-json\/wp\/v2\/media?parent=228"}],"curies":[{"name":"wp","href":"https:\/\/api.w.org\/{rel}","templated":true}]}}