{"id":160,"date":"2016-12-14T09:24:44","date_gmt":"2016-12-14T08:24:44","guid":{"rendered":"http:\/\/spraytanexpress.info\/?page_id=160"},"modified":"2019-11-15T09:32:20","modified_gmt":"2019-11-15T08:32:20","slug":"vorteile","status":"publish","type":"page","link":"https:\/\/spraytanexpress.info\/de\/vorteile\/","title":{"rendered":"Vorteile"},"content":{"rendered":"<div class=\"wpb-content-wrapper\"><p>[vc_row][vc_column width=&#8220;2\/3&#8243;]<div class=\"dt-fancy-separator title-left h3-size\" style=\"width: 100%;\"><div class=\"dt-fancy-title\"><span class=\"separator-holder separator-left\"><\/span>Vorteile Curasano Spraytan Express<span class=\"separator-holder separator-right\"><\/span><\/div><\/div>[vc_empty_space][vc_column_text]<\/p>\n<ul>\n<li>Sorgt unmittelbar f\u00fcr einen sch\u00f6nen gebr\u00e4unten Teint.<\/li>\n<li>Versorgt die Haut mit einer reichhaltigen Kombination\u00a0aus u.a. Aloe Vera, Vitamin E und Ginseng.<\/li>\n<li>Einfach und bequem aufzutragen.<\/li>\n<li>Nat\u00fcrliches und nachhaltiges Resultat.<\/li>\n<li>Gesunde und sichere Anwendung f\u00fcr die Haut.<\/li>\n<li>Dermatologisch getestet, geeignet f\u00fcr jeden Hauttyp.<\/li>\n<li>Fantastisches Gef\u00fchl, man f\u00fchlt sich gut!<\/li>\n<li>Gleichm\u00e4\u00dfige Deckkraft ohne Streifen oder Flecken.<\/li>\n<li>Geruchlos und enth\u00e4lt keine Konservierungsstoffe.<\/li>\n<li>Die gesunde Alternative zu Sonnenstrahlen oder<\/li>\n<li>Solarium.<\/li>\n<li>Trocknet schnell und ohne Flecken.<\/li>\n<li>Kann oft angewendet werden.<\/li>\n<li>Bis zu 60 Anwendungen f\u00fcr Gesicht und Dekollet\u00e9.<\/li>\n<\/ul>\n<p>[\/vc_column_text]<div class=\"dt-fancy-separator title-left h3-size\" style=\"width: 100%;\"><div class=\"dt-fancy-title\"><span class=\"separator-holder separator-left\"><\/span>Recommended dermatologically<span class=\"separator-holder separator-right\"><\/span><\/div><\/div>[vc_empty_space][vc_column_text]Curasano Spraytan Express wird von Dermatologen und Hautspezialisten empfohlen. Curasano Spraytan Express ist gesund und sicher, denn es ist der schnelle Weg zu einem wunderbar gleichm\u00e4\u00dfig braunen Teint ohne die sch\u00e4dlichen UV-Strahlen der Sonne oder des Solariums.[\/vc_column_text][\/vc_column][vc_column width=&#8220;1\/3&#8243;]<blockquote class=\"text-big shortcode-blockquote\"><p><em>Curasano Spraytan Express sorgt f\u00fcr einen sch\u00f6nen gebr\u00e4unten Teint &#8211; das ganze Jahr \u00fcber, ideal f\u00fcr Urlaube, Feiern, Hochzeiten, Events, &#8230; !<\/em><\/p>\n<\/blockquote>[\/vc_column][\/vc_row]<\/p>\n<\/div>","protected":false},"excerpt":{"rendered":"<p>[vc_row][vc_column width=&#8220;2\/3&#8243;][vc_empty_space][vc_column_text] Sorgt unmittelbar f\u00fcr einen sch\u00f6nen gebr\u00e4unten Teint. Versorgt die Haut mit einer reichhaltigen Kombination\u00a0aus u.a. Aloe Vera, Vitamin E und Ginseng. Einfach und bequem aufzutragen. Nat\u00fcrliches und nachhaltiges Resultat. Gesunde und sichere Anwendung f\u00fcr die Haut. Dermatologisch getestet, geeignet f\u00fcr jeden Hauttyp. Fantastisches Gef\u00fchl, man f\u00fchlt sich gut! Gleichm\u00e4\u00dfige Deckkraft ohne Streifen oder&hellip;<\/p>\n","protected":false},"author":1,"featured_media":0,"parent":0,"menu_order":0,"comment_status":"closed","ping_status":"closed","template":"","meta":{"footnotes":""},"class_list":["post-160","page","type-page","status-publish","hentry","description-off"],"_links":{"self":[{"href":"https:\/\/spraytanexpress.info\/de\/wp-json\/wp\/v2\/pages\/160","targetHints":{"allow":["GET"]}}],"collection":[{"href":"https:\/\/spraytanexpress.info\/de\/wp-json\/wp\/v2\/pages"}],"about":[{"href":"https:\/\/spraytanexpress.info\/de\/wp-json\/wp\/v2\/types\/page"}],"author":[{"embeddable":true,"href":"https:\/\/spraytanexpress.info\/de\/wp-json\/wp\/v2\/users\/1"}],"replies":[{"embeddable":true,"href":"https:\/\/spraytanexpress.info\/de\/wp-json\/wp\/v2\/comments?post=160"}],"version-history":[{"count":1,"href":"https:\/\/spraytanexpress.info\/de\/wp-json\/wp\/v2\/pages\/160\/revisions"}],"predecessor-version":[{"id":162,"href":"https:\/\/spraytanexpress.info\/de\/wp-json\/wp\/v2\/pages\/160\/revisions\/162"}],"wp:attachment":[{"href":"https:\/\/spraytanexpress.info\/de\/wp-json\/wp\/v2\/media?parent=160"}],"curies":[{"name":"wp","href":"https:\/\/api.w.org\/{rel}","templated":true}]}}