{"id":1541,"date":"2018-07-11T16:23:57","date_gmt":"2018-07-11T14:23:57","guid":{"rendered":"http:\/\/spraytanexpress.info\/?page_id=1541"},"modified":"2019-11-15T09:32:16","modified_gmt":"2019-11-15T08:32:16","slug":"merci-pour-votre-commande","status":"publish","type":"page","link":"https:\/\/spraytanexpress.info\/de\/merci-pour-votre-commande\/","title":{"rendered":"Danke f\u00fcr Ihre Bestellung!"},"content":{"rendered":"<div class=\"wpb-content-wrapper\"><p>[vc_row][vc_column width=&#8220;1\/6&#8243;][\/vc_column][vc_column width=&#8220;2\/3&#8243;][vc_message message_box_color=&#8220;success&#8220; icon_fontawesome=&#8220;fa fa-heart&#8220;]Danke f\u00fcr Ihre Bestellung![\/vc_message][\/vc_column][vc_column width=&#8220;1\/6&#8243;][\/vc_column][\/vc_row][vc_row][vc_column width=&#8220;1\/6&#8243;][\/vc_column][vc_column width=&#8220;2\/3&#8243;][vc_column_text]<span class=\"notranslate\">Wir danken Ihnen f\u00fcr das Vertrauen in unsere Produkte.<\/span> <span class=\"notranslate\"> Ihre Bestellung wird jetzt manuell \u00fcberpr\u00fcft.<\/span><\/p>\n<p><span class=\"notranslate\"> Wenn Sie ein <strong>neuer Kunde sind,<\/strong> erhalten <strong>Sie<\/strong> so bald wie m\u00f6glich eine <strong>Proforma-Rechnung<\/strong> .<\/span> <span class=\"notranslate\"> Nach der \u00dcbertragung wird die Ware versendet.<\/span> <span class=\"notranslate\"> Falls Sie <strong>bereits Kunde sind<\/strong> , werden die Waren <strong>sofort versandt<\/strong> und Sie erhalten die Rechnung.<\/span>[\/vc_column_text][\/vc_column][vc_column width=&#8220;1\/6&#8243;][\/vc_column][\/vc_row][vc_row][vc_column width=&#8220;1\/6&#8243;][\/vc_column][vc_column width=&#8220;2\/6&#8243;][vc_cta h2=&#8220;&#8220; color=&#8220;chino&#8220; add_button=&#8220;bottom&#8220; btn_title=&#8220;Digitale Preisliste&#8220; btn_color=&#8220;danger&#8220; btn_align=&#8220;center&#8220; btn_i_icon_fontawesome=&#8220;fa fa-book&#8220; btn_button_block=&#8220;true&#8220; btn_add_icon=&#8220;true&#8220; btn_link=&#8220;url:http%3A%2F%2Fpricelist.curasano.com||target:%20_blank|&#8220;]<span class=\"notranslate\">Wenn Ihnen unsere Preise noch nicht bekannt sind, k\u00f6nnen Sie diese jederzeit \u00fcber den unten stehenden Link einsehen.<\/span>[\/vc_cta][\/vc_column][vc_column width=&#8220;2\/6&#8243;][vc_cta h2=&#8220;&#8220; color=&#8220;chino&#8220; add_button=&#8220;bottom&#8220; btn_title=&#8220;Online-Datenbank&#8220; btn_color=&#8220;danger&#8220; btn_align=&#8220;center&#8220; btn_i_icon_fontawesome=&#8220;fa fa-picture-o&#8220; btn_button_block=&#8220;true&#8220; btn_add_icon=&#8220;true&#8220; btn_link=&#8220;url:http%3A%2F%2F2018.curasano.com||target:%20_blank|&#8220;]<span class=\"notranslate\">Sie k\u00f6nnen auch verschiedene Bilder, Videos, Fotos, &#8230; und vieles mehr \u00fcber den folgenden Link herunterladen.<\/span>[\/vc_cta][\/vc_column][vc_column width=&#8220;1\/6&#8243;][\/vc_column][\/vc_row]<\/p>\n<\/div>","protected":false},"excerpt":{"rendered":"<p>[vc_row][vc_column width=&#8220;1\/6&#8243;][\/vc_column][vc_column width=&#8220;2\/3&#8243;][vc_message message_box_color=&#8220;success&#8220; icon_fontawesome=&#8220;fa fa-heart&#8220;]Danke f\u00fcr Ihre Bestellung![\/vc_message][\/vc_column][vc_column width=&#8220;1\/6&#8243;][\/vc_column][\/vc_row][vc_row][vc_column width=&#8220;1\/6&#8243;][\/vc_column][vc_column width=&#8220;2\/3&#8243;][vc_column_text]Wir danken Ihnen f\u00fcr das Vertrauen in unsere Produkte. Ihre Bestellung wird jetzt manuell \u00fcberpr\u00fcft. Wenn Sie ein neuer Kunde sind, erhalten Sie so bald wie m\u00f6glich eine Proforma-Rechnung . Nach der \u00dcbertragung wird die Ware versendet. Falls Sie bereits Kunde sind , werden&hellip;<\/p>\n","protected":false},"author":1,"featured_media":0,"parent":0,"menu_order":0,"comment_status":"closed","ping_status":"closed","template":"","meta":{"footnotes":""},"class_list":["post-1541","page","type-page","status-publish","hentry","description-off"],"_links":{"self":[{"href":"https:\/\/spraytanexpress.info\/de\/wp-json\/wp\/v2\/pages\/1541","targetHints":{"allow":["GET"]}}],"collection":[{"href":"https:\/\/spraytanexpress.info\/de\/wp-json\/wp\/v2\/pages"}],"about":[{"href":"https:\/\/spraytanexpress.info\/de\/wp-json\/wp\/v2\/types\/page"}],"author":[{"embeddable":true,"href":"https:\/\/spraytanexpress.info\/de\/wp-json\/wp\/v2\/users\/1"}],"replies":[{"embeddable":true,"href":"https:\/\/spraytanexpress.info\/de\/wp-json\/wp\/v2\/comments?post=1541"}],"version-history":[{"count":3,"href":"https:\/\/spraytanexpress.info\/de\/wp-json\/wp\/v2\/pages\/1541\/revisions"}],"predecessor-version":[{"id":1544,"href":"https:\/\/spraytanexpress.info\/de\/wp-json\/wp\/v2\/pages\/1541\/revisions\/1544"}],"wp:attachment":[{"href":"https:\/\/spraytanexpress.info\/de\/wp-json\/wp\/v2\/media?parent=1541"}],"curies":[{"name":"wp","href":"https:\/\/api.w.org\/{rel}","templated":true}]}}