{"id":145,"date":"2016-12-13T17:33:31","date_gmt":"2016-12-13T16:33:31","guid":{"rendered":"http:\/\/spraytanexpress.info\/?page_id=145"},"modified":"2019-11-15T09:32:17","modified_gmt":"2019-11-15T08:32:17","slug":"handbuch","status":"publish","type":"page","link":"https:\/\/spraytanexpress.info\/de\/handbuch\/","title":{"rendered":"Handbuch"},"content":{"rendered":"<div class=\"wpb-content-wrapper\"><p>[vc_row][vc_column width=&#8220;5\/6&#8243;]<div class=\"dt-fancy-separator title-left h3-size\" style=\"width: 100%;\"><div class=\"dt-fancy-title\"><span class=\"separator-holder separator-left\"><\/span>Wie optimal anwenden?<span class=\"separator-holder separator-right\"><\/span><\/div><\/div>[vc_empty_space][vc_column_text]Die Haut sollte vor der Anwendung\u00a0gru\u0308ndlich, eventuell mit Hilfe eines\u00a0Peelings oder Scrubs, gereinigt werden.<\/p>\n<p><strong>Step 1<\/strong> :\u00a0Spray vor der Anwendung\u00a0kr\u00e4ftig schu\u0308tteln.<\/p>\n<p><strong>Step 2<\/strong> :\u00a0Halten Sie bei der Anwendung\u00a0den Spru\u0308hflakon etwa 30 cm vom K\u00f6rper\u00a0entfernt.<\/p>\n<p><strong>Step 3a<\/strong> :\u00a0Fu\u0308hren Sie beim Spru\u0308hen\u00a0S-f\u00f6rmige Bewegungen aus und arbeiten\u00a0Sie von oben nach unten.<\/p>\n<p><strong>Step 3b<\/strong> :\u00a0Sie k\u00f6nnen fu\u0308r die\u00a0Anwendung auch den von uns eigens\u00a0dafu\u0308r entworfenen <strong><a href=\"http:\/\/shop.curasano.com\/cur_de\/spraytan-sentz.html\" target=\"_blank\" rel=\"noopener noreferrer\">Curasano Spraytan\u00a0Sentz\u00ae (bestellen Sie hier)<\/a><\/strong> oder Curasano Spraytan\u00a0Sentz Mini\u00ae Handschuh benutzen.\u00a0Spru\u0308hen Sie dabei zuerst <strong><a href=\"http:\/\/shop.curasano.com\/cur_de\/curasano-spraytan-express.html\" target=\"_blank\" rel=\"noopener noreferrer\">Curasano\u00a0Spraytan Express\u00ae (bestellen Sie hier)<\/a><\/strong> auf den Handschuh\u00a0und verteilen Sie das Produkt dann\u00a0gleichm\u00e4\u00dfig auf der Haut.<\/p>\n<p><strong>Step 4 <\/strong>:\u00a0Nach der Anwendung etwa\u00a010 Minuten einwirken lassen. Mit Hilfe\u00a0eines F\u00f6hns kann der Trocknungsvorgang\u00a0beschleunigt werden.[\/vc_column_text][vc_empty_space][vc_video link=&#8220;https:\/\/www.youtube.com\/watch?v=IqZ_EOy4f3U&amp;feature=youtu.be&#8220;][vc_empty_space]<div class=\"dt-fancy-separator title-left h3-size\" style=\"width: 100%;\"><div class=\"dt-fancy-title\"><span class=\"separator-holder separator-left\"><\/span>Tipps<span class=\"separator-holder separator-right\"><\/span><\/div><\/div>[vc_empty_space][vc_column_text]<\/p>\n<ul>\n<li>Das Produkt nur aufspr\u00fchen, nicht einschmieren.<\/li>\n<li>Bei h\u00e4ufigem Gebrauch regelm\u00e4\u00dfig peelen.<\/li>\n<li>Um einen dunkleren Teint zu erhalten, k\u00f6nnen Sie Curasano Spraytan Express in mehreren Behandlungen anwenden.<\/li>\n<\/ul>\n<p>[\/vc_column_text][\/vc_column][vc_column width=&#8220;1\/6&#8243;][vc_single_image image=&#8220;129&#8243; img_size=&#8220;full&#8220;][vc_single_image image=&#8220;130&#8243; img_size=&#8220;full&#8220;][vc_single_image image=&#8220;131&#8243; img_size=&#8220;full&#8220;][vc_single_image image=&#8220;132&#8243; img_size=&#8220;full&#8220;][\/vc_column][\/vc_row]<\/p>\n<\/div>","protected":false},"excerpt":{"rendered":"<p>[vc_row][vc_column width=&#8220;5\/6&#8243;][vc_empty_space][vc_column_text]Die Haut sollte vor der Anwendung\u00a0gru\u0308ndlich, eventuell mit Hilfe eines\u00a0Peelings oder Scrubs, gereinigt werden. Step 1 :\u00a0Spray vor der Anwendung\u00a0kr\u00e4ftig schu\u0308tteln. Step 2 :\u00a0Halten Sie bei der Anwendung\u00a0den Spru\u0308hflakon etwa 30 cm vom K\u00f6rper\u00a0entfernt. Step 3a :\u00a0Fu\u0308hren Sie beim Spru\u0308hen\u00a0S-f\u00f6rmige Bewegungen aus und arbeiten\u00a0Sie von oben nach unten. Step 3b :\u00a0Sie k\u00f6nnen fu\u0308r die\u00a0Anwendung&hellip;<\/p>\n","protected":false},"author":1,"featured_media":0,"parent":0,"menu_order":0,"comment_status":"closed","ping_status":"closed","template":"","meta":{"footnotes":""},"class_list":["post-145","page","type-page","status-publish","hentry","description-off"],"_links":{"self":[{"href":"https:\/\/spraytanexpress.info\/de\/wp-json\/wp\/v2\/pages\/145","targetHints":{"allow":["GET"]}}],"collection":[{"href":"https:\/\/spraytanexpress.info\/de\/wp-json\/wp\/v2\/pages"}],"about":[{"href":"https:\/\/spraytanexpress.info\/de\/wp-json\/wp\/v2\/types\/page"}],"author":[{"embeddable":true,"href":"https:\/\/spraytanexpress.info\/de\/wp-json\/wp\/v2\/users\/1"}],"replies":[{"embeddable":true,"href":"https:\/\/spraytanexpress.info\/de\/wp-json\/wp\/v2\/comments?post=145"}],"version-history":[{"count":2,"href":"https:\/\/spraytanexpress.info\/de\/wp-json\/wp\/v2\/pages\/145\/revisions"}],"predecessor-version":[{"id":3569,"href":"https:\/\/spraytanexpress.info\/de\/wp-json\/wp\/v2\/pages\/145\/revisions\/3569"}],"wp:attachment":[{"href":"https:\/\/spraytanexpress.info\/de\/wp-json\/wp\/v2\/media?parent=145"}],"curies":[{"name":"wp","href":"https:\/\/api.w.org\/{rel}","templated":true}]}}