{"id":122,"date":"2016-12-13T17:17:32","date_gmt":"2016-12-13T16:17:32","guid":{"rendered":"http:\/\/spraytanexpress.info\/?page_id=122"},"modified":"2019-11-15T09:32:18","modified_gmt":"2019-11-15T08:32:18","slug":"haeufig-gestellte-fragen","status":"publish","type":"page","link":"https:\/\/spraytanexpress.info\/de\/haeufig-gestellte-fragen\/","title":{"rendered":"H\u00e4ufig gestellte Fragen"},"content":{"rendered":"<div class=\"wpb-content-wrapper\"><p>[vc_row][vc_column]<div class=\"dt-fancy-separator title-left h3-size\" style=\"width: 100%;\"><div class=\"dt-fancy-title\"><span class=\"separator-holder separator-left\"><\/span>Verwenden und Behandlungen<span class=\"separator-holder separator-right\"><\/span><\/div><\/div>[vc_empty_space][vc_toggle title=&#8220;Wie viele Behandlungen kann ich aus einer Flasche Curasano Spraytan Express bekommen? &#8220; el_id=&#8220;1481643686505-c5ca15fe-b1ef&#8220;]<\/p>\n<div id=\"question40\" class=\"panel-collapse collapse in\">\n<div class=\"panel-body\">\n<div>\n<p>Mit einer Flasche Curasano Spraytan Express, werden verschiedene Behandlungen durchgef\u00fchrt, abh\u00e4ngig von dem Bereich, der gew\u00fcnscht ist, behandelt wird:<\/p>\n<p>\u2022 F\u00fcr Gesicht, Hals und Dekollet\u00e9: 50 bis 60 Behandlungen<\/p>\n<p>\u2022 F\u00fcr K\u00f6rper: 8 bis 10 Behandlungen<\/p>\n<\/div>\n<\/div>\n<\/div>\n<p>[\/vc_toggle][vc_toggle title=&#8220;Wenn wende ich am besten den Curasano Spraytan Express an? &#8220; el_id=&#8220;1481643716957-f07525cd-5e94&#8243;]Um die besten Ergebnisse ist es empfehlenswert, Curasano Spraytan Express am Morgen anzuwenden, und dies vorzugsweise nach der Reinigung\u00a0und der peelung der\u00a0Haut.[\/vc_toggle][vc_toggle title=&#8220;Wie wende ich am besten Curasano Spraytan Express an, um einen sch\u00f6nen,glatten Teint zu erreichen? &#8220; el_id=&#8220;1481643733519-edaa72c5-dfda&#8220;]<\/p>\n<div id=\"question64\" class=\"panel-collapse collapse in\">\n<div class=\"panel-body\">\n<div>\n<p>F\u00fcr das Gesicht, Hals und Dekollet\u00e9, halten Sie bei der Anwendung den Spr\u00fchflakon etwa 30cm vom K\u00f6rper entfernt.<\/p>\n<p>F\u00fcr den K\u00f6rper ist es einfacher mit Curasano Spraytan Express Sentz, damit das Produkt glatt verteilt wird, auch f\u00fcr die schwer zug\u00e4nglichen Stellen geignet.<\/p>\n<\/div>\n<\/div>\n<\/div>\n<p>[\/vc_toggle][vc_toggle title=&#8220;Curasano Spraytan Express kann auf Make-up verwendet werden? &#8220; el_id=&#8220;1481643750493-6f66fbfe-f447&#8243;]<\/p>\n<div id=\"question155\" class=\"panel-collapse collapse in\">\n<div class=\"panel-body\">\n<p>Curasano Spraytan Express kan auf Make-up verwendet werden, aber dadurch wird sichergestellt, dass der sch\u00f6ne Teint, den\u00a0Curasano Spraytan Express bietet,\u00a0nur zwei-bis drei Tage sichtbar bleiben wird.<\/p>\n<p>F\u00fcr die beste Ergebnisse empfiehlt \u00a0es sich Curasano Spraytan Express, auf eine gr\u00fcndlich gereinigte Haut zu verwenden.<\/p>\n<\/div>\n<\/div>\n<p>[\/vc_toggle][vc_toggle title=&#8220;Wie lange h\u00e4lt das Ergebnis sichtbar nach dem Auftragen Curasano Spraytan Express? &#8220; el_id=&#8220;1481643769267-793e48e8-904f&#8220;]<\/p>\n<div id=\"question65\" class=\"panel-collapse collapse in\">\n<div class=\"panel-body\">\n<p>Curasano Spraytan Express bietet einen langlebigen Effekt, der sichtbar mehrere Tage nach der Anwendung bleibt.<\/p>\n<p>Die besten Ergebnisse (5-6 Tage) erhalten Sie von Curasano Spraytan Express auf eine gr\u00fcndlich gereinigte Haut.<\/p>\n<\/div>\n<\/div>\n<p>[\/vc_toggle][vc_toggle title=&#8220;Ich habe eine helle Haarfarbe. Kann Curasano Spraytan Express sorgen f\u00fcr Verf\u00e4rbung der Haare? &#8220; el_id=&#8220;1481643787654-b62f8aad-e4a9&#8243;]Curasano Spraytan Express sorgt nie f\u00fcr Verf\u00e4rbung der Haare. Wenn Sie versehentlich\u00a0 auf Ihre Haare sp\u00fchen, dan\u00a0k\u00f6nnen Sie einfach und schnell wieder mit normalen Shampoo waschen. Nat\u00fcrlich empfiehlt es sich, die Haare vorher zu sch\u00fctzen, um dies zu vermeiden.[\/vc_toggle][vc_toggle title=&#8220;Macht Curasano Spraytan Express Flecken? &#8220; el_id=&#8220;1481643807976-f10d7fbf-a0ee&#8220;]Curasano Spraytan Express trocknet sehr schnell und ist in der Regel innerhalb von Minuten vollst\u00e4ndig in die Haut gezeichnet. Nachdem gibt das Spray nicht aus und so macht\u00a0keine Flecken.[\/vc_toggle][vc_toggle title=&#8220;Wie lange sollte ich Curasano Spraytan Express einweichen lassen f\u00fcr beste Ergebnisse? &#8220; el_id=&#8220;1481643825861-0291c557-22f0&#8243;]Um das beste Ergebnis zu erhalten, empfiehlt es sich, Curasano Spraytan\u00a0mindestens 10 bis 15 Minuten nach dem Auftragen trocknen lassen. Der Trocknungsprozess kann mit Haar Trockner\/F\u00f6n verk\u00fcrzt werden.[\/vc_toggle][vc_toggle title=&#8220;Wie entferne ich Curasano Spraytan Express? &#8220; el_id=&#8220;1481643843958-5eb484b5-d0ed&#8220;]Curasano Spraytan Express kann leicht entfernt werden\u00a0durch die behandelten Stellen gr\u00fcndlich mit Zitronenwasser zu waschen. Sie k\u00f6nnen auch K\u00f6rperreinigungsmittel oder Peelings verwenden.[\/vc_toggle][vc_toggle title=&#8220;Gibt es einen Unterschied zwischen der Anwendung Curasano Spraytan Express bei M\u00e4nnern und Frauen? &#8220; el_id=&#8220;1481643862069-6632fa2c-40af&#8220;]Es gibt fast keine Unterschiede in der empfohlenen Art der Anwendung Curasano Spraytan Express bei M\u00e4nnern oder Frauen.<\/p>\n<p>Der einzige Unterschied ist, dass es sich empfiehlt, den Curasano Spraytan Sentz Handschuh bei M\u00e4nnern mit einem Bart zu verwenden, so Curasano Spraytan Express kann \u00fcberall in einer einheitlichen Weise verwendet werden.[\/vc_toggle][vc_empty_space]<div class=\"dt-fancy-separator title-left h3-size\" style=\"width: 100%;\"><div class=\"dt-fancy-title\"><span class=\"separator-holder separator-left\"><\/span>Gesundheit<span class=\"separator-holder separator-right\"><\/span><\/div><\/div>[vc_empty_space][vc_toggle title=&#8220;Kann ich allergisch auf Curasano Spraytan Express? &#8220; el_id=&#8220;1481644008496-776cf723-a691&#8243;]<\/p>\n<div id=\"question66\" class=\"panel-collapse collapse in\">\n<div class=\"panel-body\">\n<div>\n<div id=\"question66\" class=\"panel-collapse collapse in\">\n<div class=\"panel-body\">\n<div>\n<p>Curasano Spraytan Express ist ein sicheres Produkt, das gr\u00fcndlich dermatologisch getestet wurde.<\/p>\n<p>Wohlgemerkt, enth\u00e4lt Curasano Spraytan Express Rosskastanienextrakt und konnte f\u00fcr eine allergische Reaktion bei Menschen, die allergisch auf N\u00fcsse sind egal.<\/p>\n<\/div>\n<\/div>\n<\/div>\n<\/div>\n<\/div>\n<\/div>\n<p>[\/vc_toggle][vc_toggle title=&#8220;Kann ich Curasano Spraytan Express mit einer Sonnenbank? &#8220; el_id=&#8220;1481644031813-e6b20605-b480&#8243;]<\/p>\n<div id=\"question67\" class=\"panel-collapse collapse in\">\n<div class=\"panel-body\">\n<div>\n<p>Curasano Spraytan Express lassen sich problemlos in Kombination mit einem Solarium Heilung verwendet werden.<\/p>\n<p>Aber seien Sie vorsichtig, denn Curasano Spraytan Express keinen Schutz gegen die negativen Strahlen der Sonne und Sonnenbank enthalten. Wir empfehlen daher, dass in Verbindung mit Curasano Spraytan Express, einen guten Sonnenschutz zu verwenden, wenn Sie die Sonne genie\u00dfen m\u00f6chten.<\/p>\n<\/div>\n<\/div>\n<\/div>\n<p>[\/vc_toggle][vc_toggle title=&#8220;Ich habe sehr empfindliche Haut. Kann ich Curasano Spraytan Express? &#8220; el_id=&#8220;1481644048884-4d57ca03-72db&#8220;]Curasano Spraytan Express enth\u00e4lt keine Reizstoffe Filesharing und kann daher sicher auf empfindlicher Haut verwendet werden. Es wird empfohlen, die erste Pr\u00fcfung auf einem kleinen Bereich der Haut zu spr\u00fchen, und nur dann in die gew\u00fcnschten Stellen integriert werden.[\/vc_toggle][vc_toggle title=&#8220;Curasano Spraytan Express bietet Schutz vor den sch\u00e4dlichen UV-Strahlen der Sonne? &#8220; el_id=&#8220;1481644067395-7402c372-a0fc&#8220;]Curasano Spraytan Express verf\u00fcgt nicht \u00fcber eine UV-Faktor und daher nicht gegen die Sonne zu sch\u00fctzen. Durch die Verwendung von Curasano Spraytan Express haben bereits eine tan, so dass Sie weniger oft bei denen sie den sch\u00e4dlichen UV-Strahlen der Sonne.<\/p>\n<p>Wir empfehlen Ihnen, in Kombination mit Curasano Spraytan Express verwenden eine gute Sonnencreme, wenn Sie noch von der Sonne (oder Gerben) genie\u00dfen w\u00fcrden.[\/vc_toggle][vc_toggle title=&#8220;Kann ich Curasano Spraytan Express bekommen verstopfte Poren? &#8220; el_id=&#8220;1481644085161-5649f113-9b0c&#8220;]Im normalen Gebrauch Curasano Spraytan Express wird nicht dazu f\u00fchren verstopfte Poren. M\u00f6chten Sie h\u00e4ufig wollen Curasano Spraytan Express verwenden, empfehlen wir, dass Sie die behandelten Stellen regelm\u00e4\u00dfig gute und ggf. Aufbringen einer Abl\u00f6se waschen.[\/vc_toggle][vc_toggle title=&#8220;Die regelm\u00e4\u00dfige Anwendung von Curasano Spraytan Express sch\u00e4dlich f\u00fcr die Haut? &#8220; el_id=&#8220;1481644101231-649b3077-24ba&#8220;]Die regelm\u00e4\u00dfige Anwendung von Curasano Spraytan Express ist absolut sicher und wird nicht die Haut sch\u00e4digen. Nat\u00fcrlich m\u00fcssen wir empfehlen es nicht \u00fcbertreiben mit der Anwendung der Curasano Spraytan Express.[\/vc_toggle][vc_toggle title=&#8220;In welchem \u200b\u200bAlter Curasano Spraytan Express verwendet werden? &#8220; el_id=&#8220;1481644120251-431d138b-36b0&#8243;]Curasano Spraytan Express kann von jedermann unabh\u00e4ngig von Alter verwendet werden.[\/vc_toggle][vc_empty_space]<div class=\"dt-fancy-separator title-left h3-size\" style=\"width: 100%;\"><div class=\"dt-fancy-title\"><span class=\"separator-holder separator-left\"><\/span>Verkauf<span class=\"separator-holder separator-right\"><\/span><\/div><\/div>[vc_empty_space][vc_toggle title=&#8220;Wo kann ich Curasano Spraytan Express kaufen? &#8220; el_id=&#8220;1481644155297-e6ef5838-d0a4&#8243;]<\/p>\n<div class=\"accordionContent\">\n<div class=\"accordionContent\">\n<div class=\"accordionContent\">\n<div class=\"accordionContent\">\n<div id=\"question68\" class=\"panel-collapse collapse in\">\n<div class=\"panel-body\">\n<div>\n<div id=\"question68\" class=\"panel-collapse collapse in\">\n<div class=\"panel-body\">\n<div>\n<div id=\"question68\" class=\"panel-collapse collapse in\">\n<div class=\"panel-body\">\n<div>\n<p>Es gibt mehrere Optionen, um Curasano Spraytan Express zu erhalten:<\/p>\n<ul>\n<li>In einem der vielen <a href=\"http:\/\/www.curasano.com\/nl\/6\/waar-te-koop.aspx\" target=\"_blank\" rel=\"noopener noreferrer\">Curasano Spraytan Express <em>\u00a0<\/em> Zentren<\/a><\/li>\n<li>Auf den verschiedenen M\u00e4rkten, wo Curasano Spraytan Express ist verf\u00fcgbar<\/li>\n<li>Durch die <a href=\"http:\/\/shop.curasano.com\/cur_nl\/self-tanning.html\" target=\"_blank\" rel=\"noopener noreferrer\">Curasano Spraytan Express-Shop<\/a><\/li>\n<\/ul>\n<\/div>\n<\/div>\n<\/div>\n<\/div>\n<\/div>\n<\/div>\n<\/div>\n<\/div>\n<\/div>\n<\/div>\n<\/div>\n<\/div>\n<\/div>\n<p>[\/vc_toggle][vc_toggle title=&#8220;Kann ich Gutscheine erhalten von Curasano Spraytan Express? &#8220; el_id=&#8220;1481644205291-bb523c66-7b57&#8243;]<\/p>\n<div class=\"accordionContent\">\n<div class=\"accordionContent\">\n<div class=\"accordionContent\">\n<div class=\"accordionContent\">Derzeit ist es nicht m\u00f6glich, Geschenkkarten f\u00fcr Curasano Spraytan Express erhalten. Wir sind jedoch bem\u00fcht, die M\u00f6glichkeit, so schnell wie m\u00f6glich anbieten, Geschenkgutscheine zu bestellen.<\/div>\n<\/div>\n<\/div>\n<\/div>\n<p>[\/vc_toggle][vc_toggle title=&#8220;Kann ich Curasano Spraytan Express in einer Geschenk-Box? &#8220; el_id=&#8220;1481644217136-d4356561-fa22&#8243;]<\/p>\n<div class=\"accordionContent\">\n<div class=\"accordionContent\">\n<div class=\"accordionContent\">\n<div class=\"accordionContent\">Curasano Spraytan Express ist derzeit bereits in einer angenehmen verwitterten Pakete aus einer Ampulle Curasano Spraytan Express und einzigartige Curasano Spraytan Sentz Handschuh erh\u00e4ltlich.<\/div>\n<\/div>\n<\/div>\n<\/div>\n<p>[\/vc_toggle][vc_empty_space]<div class=\"dt-fancy-separator title-left h3-size\" style=\"width: 100%;\"><div class=\"dt-fancy-title\"><span class=\"separator-holder separator-left\"><\/span>Fragen zum Produkte<span class=\"separator-holder separator-right\"><\/span><\/div><\/div>[vc_empty_space][vc_toggle title=&#8220;Curasano Spraytan Express hat ein Geruch? &#8220; el_id=&#8220;1481644396965-7a46bcc9-863a&#8220;]Anders als die meisten generischen Selbstbr\u00e4uner Curasano Spraytan Express hat keine stechenden Geruch. Dank seiner einzigartigen Zusammensetzung Curasano Spraytan Express so sicher und geruchlose Alternative, um schnell einen sch\u00f6nen gebr\u00e4unten Teint.[\/vc_toggle][vc_toggle title=&#8220;Gibt es verschiedene Farbt\u00f6ne f\u00fcr Curasano Spraytan Express zur Verf\u00fcgung? &#8220; el_id=&#8220;1481644334892-9244c804-d673&#8243;]Curasano Spraytan Express ist nur in einem einzigen Farbton erh\u00e4ltlich. Wer will noch einen dunkleren Farbton kann Curasano Spraytan Express-Anwendung in einzelnen Behandlungen zu erreichen.[\/vc_toggle][vc_empty_space]<div class=\"dt-fancy-separator title-left h3-size\" style=\"width: 100%;\"><div class=\"dt-fancy-title\"><span class=\"separator-holder separator-left\"><\/span>Sonstiges<span class=\"separator-holder separator-right\"><\/span><\/div><\/div>[vc_empty_space][vc_toggle title=&#8220; Ich gespr\u00fcht versehentlich auf meine Kleidung. Wie kann ich den Fleck besten entfernen? &#8220; el_id=&#8220;1481644251972-afcaca2c-f103&#8243;]Dank seiner einzigartigen Zusammensetzung macht Curasano Spraytan Express keine dauerhaften Flecken. Haben Sie versehentlich Produkt auf Kleidung zB gespr\u00fcht, kann die Stelle leicht mit Wasser und Seife gewaschen werden.[\/vc_toggle][vc_toggle title=&#8220;Wie bekannt Aktionen rund um Curasano Spraytan Express? &#8220; el_id=&#8220;1481644352201-2b9e31b9-64a3&#8243;]<\/p>\n<div id=\"question73\" class=\"panel-collapse collapse in\">\n<div class=\"panel-body\">\n<div>\n<p>Es gibt mehrere M\u00f6glichkeiten, um informiert zu bleiben von Kampagnen und Aktionen rund Curasano Spraytan Express:<\/p>\n<ul>\n<li>Indem Sie ein Mitglied unserer <a href=\"http:\/\/facebook.spraytanexpress.info\" target=\"_blank\" rel=\"noopener noreferrer\">Facebook-Community,<\/a> wo wir auch organisieren regelm\u00e4\u00dfig Aktionen, wo man kostenlos verwitterten Pakete zu gewinnen.<\/li>\n<li>Durch unsere <a href=\"http:\/\/twitter.spraytanexpress.info\/\" target=\"_blank\" rel=\"noopener noreferrer\">Twitter-Community.<\/a><\/li>\n<li>Durch die Event-Seite auf der Website.<\/li>\n<\/ul>\n<\/div>\n<\/div>\n<\/div>\n<p>[\/vc_toggle][\/vc_column][\/vc_row]<\/p>\n<\/div>","protected":false},"excerpt":{"rendered":"<p>[vc_row][vc_column][vc_empty_space][vc_toggle title=&#8220;Wie viele Behandlungen kann ich aus einer Flasche Curasano Spraytan Express bekommen? &#8220; el_id=&#8220;1481643686505-c5ca15fe-b1ef&#8220;] Mit einer Flasche Curasano Spraytan Express, werden verschiedene Behandlungen durchgef\u00fchrt, abh\u00e4ngig von dem Bereich, der gew\u00fcnscht ist, behandelt wird: \u2022 F\u00fcr Gesicht, Hals und Dekollet\u00e9: 50 bis 60 Behandlungen \u2022 F\u00fcr K\u00f6rper: 8 bis 10 Behandlungen [\/vc_toggle][vc_toggle title=&#8220;Wenn wende ich&hellip;<\/p>\n","protected":false},"author":1,"featured_media":0,"parent":0,"menu_order":0,"comment_status":"closed","ping_status":"closed","template":"","meta":{"footnotes":""},"class_list":["post-122","page","type-page","status-publish","hentry","description-off"],"_links":{"self":[{"href":"https:\/\/spraytanexpress.info\/de\/wp-json\/wp\/v2\/pages\/122","targetHints":{"allow":["GET"]}}],"collection":[{"href":"https:\/\/spraytanexpress.info\/de\/wp-json\/wp\/v2\/pages"}],"about":[{"href":"https:\/\/spraytanexpress.info\/de\/wp-json\/wp\/v2\/types\/page"}],"author":[{"embeddable":true,"href":"https:\/\/spraytanexpress.info\/de\/wp-json\/wp\/v2\/users\/1"}],"replies":[{"embeddable":true,"href":"https:\/\/spraytanexpress.info\/de\/wp-json\/wp\/v2\/comments?post=122"}],"version-history":[{"count":2,"href":"https:\/\/spraytanexpress.info\/de\/wp-json\/wp\/v2\/pages\/122\/revisions"}],"predecessor-version":[{"id":3570,"href":"https:\/\/spraytanexpress.info\/de\/wp-json\/wp\/v2\/pages\/122\/revisions\/3570"}],"wp:attachment":[{"href":"https:\/\/spraytanexpress.info\/de\/wp-json\/wp\/v2\/media?parent=122"}],"curies":[{"name":"wp","href":"https:\/\/api.w.org\/{rel}","templated":true}]}}